{"id":198,"date":"2019-12-07T18:10:48","date_gmt":"2019-12-07T18:10:48","guid":{"rendered":"https:\/\/gtidcm.com\/?page_id=198"},"modified":"2026-04-10T12:28:16","modified_gmt":"2026-04-10T12:28:16","slug":"accueil","status":"publish","type":"page","link":"https:\/\/cleans-sarl.com\/en\/","title":{"rendered":"Welcome"},"content":{"rendered":"<p>Dispositifs d&rsquo;Hygi\u00e8ne Haut de Qualit\u00e9 pour Espaces Professionnels et PublicsD\u00e9couvrez nos produits innovants pour maintenir la propret\u00e9 et le confort dans vos lieux professionnels et  publics.Approvisionnement Fiable en Consommables de Qualit\u00e9.Chez CLEANS SARL, nous garantissons la disponibilit\u00e9 constante des produits essentiels pour vos besoins d&rsquo;hygi\u00e8ne, sans compromis.<a href=\"https:\/\/cleans-sarl.com\/en\/contact-r\/\">Votre Partenaire en Hygi\u00e8ne pour une vie plus saineAvec plus de 7 ans d&rsquo;exp\u00e9rience, nous sommes l\u00e0 o\u00f9 vous avez besoin de nous : Douala, Yaound\u00e9.Contactez nous<\/a><br \/>\n\t\t\t\t\t\t\t\t\t\t\t\t\t\tDiapositive pr\u00e9c\u00e9dente<br \/>\n\t\t\t\t\t\t\t\t\t\t\t\t\t\tDiapositive suivante<\/p>\n<h6>Discover among our different<\/h6>\n<h2>\n                                    Categories<br \/>\n                            <\/h2>\n<div class=\"woocommerce columns-5\"><ul class=\"products columns-5\">\n<li class=\"product-category product first\">\n\t<a aria-label=\"Visit product category Distributeur d\u00e9sinfectant\" href=\"https:\/\/cleans-sarl.com\/en\/product-category\/distributeur-desinfectant\/\" data-no-translation-aria-label=\"\"><img loading=\"lazy\" decoding=\"async\" src=\"https:\/\/cleans-sarl.com\/wp-content\/uploads\/2019\/12\/rulopak-manuel-sprey-dezenfektan-dispe-7c3-0d-300x300.jpg\" alt=\"Distributeur d\u00e9sinfectant\" width=\"300\" height=\"300\" srcset=\"https:\/\/cleans-sarl.com\/wp-content\/uploads\/2019\/12\/rulopak-manuel-sprey-dezenfektan-dispe-7c3-0d-300x300.jpg 300w, https:\/\/cleans-sarl.com\/wp-content\/uploads\/2019\/12\/rulopak-manuel-sprey-dezenfektan-dispe-7c3-0d-150x150.jpg 150w, https:\/\/cleans-sarl.com\/wp-content\/uploads\/2019\/12\/rulopak-manuel-sprey-dezenfektan-dispe-7c3-0d-768x768.jpg 768w, https:\/\/cleans-sarl.com\/wp-content\/uploads\/2019\/12\/rulopak-manuel-sprey-dezenfektan-dispe-7c3-0d-12x12.jpg 12w, https:\/\/cleans-sarl.com\/wp-content\/uploads\/2019\/12\/rulopak-manuel-sprey-dezenfektan-dispe-7c3-0d-100x100.jpg 100w, https:\/\/cleans-sarl.com\/wp-content\/uploads\/2019\/12\/rulopak-manuel-sprey-dezenfektan-dispe-7c3-0d-342x342.jpg 342w, https:\/\/cleans-sarl.com\/wp-content\/uploads\/2019\/12\/rulopak-manuel-sprey-dezenfektan-dispe-7c3-0d-570x570.jpg 570w, https:\/\/cleans-sarl.com\/wp-content\/uploads\/2019\/12\/rulopak-manuel-sprey-dezenfektan-dispe-7c3-0d-600x600.jpg 600w, https:\/\/cleans-sarl.com\/wp-content\/uploads\/2019\/12\/rulopak-manuel-sprey-dezenfektan-dispe-7c3-0d.jpg 1000w\" sizes=\"auto, (max-width: 300px) 100vw, 300px\" \/>\t\t<h2 class=\"woocommerce-loop-category__title\">\n\t\t\tDisinfectant dispenser <mark class=\"count\">(9)<\/mark>\t\t<\/h2>\n\t\t<\/a><\/li>\n<li class=\"product-category product\">\n\t<a aria-label=\"Visit product category Distributeur papier essuie main\" href=\"https:\/\/cleans-sarl.com\/en\/product-category\/distributeur-papier-essuie-main\/\" data-no-translation-aria-label=\"\"><img loading=\"lazy\" decoding=\"async\" src=\"https:\/\/cleans-sarl.com\/wp-content\/uploads\/2019\/12\/distributeur-automatic-papier-essuie-main-1-300x300.jpg\" alt=\"Distributeur papier essuie main\" width=\"300\" height=\"300\" srcset=\"https:\/\/cleans-sarl.com\/wp-content\/uploads\/2019\/12\/distributeur-automatic-papier-essuie-main-1-300x300.jpg 300w, https:\/\/cleans-sarl.com\/wp-content\/uploads\/2019\/12\/distributeur-automatic-papier-essuie-main-1-150x150.jpg 150w, https:\/\/cleans-sarl.com\/wp-content\/uploads\/2019\/12\/distributeur-automatic-papier-essuie-main-1-768x768.jpg 768w, https:\/\/cleans-sarl.com\/wp-content\/uploads\/2019\/12\/distributeur-automatic-papier-essuie-main-1-12x12.jpg 12w, https:\/\/cleans-sarl.com\/wp-content\/uploads\/2019\/12\/distributeur-automatic-papier-essuie-main-1-100x100.jpg 100w, https:\/\/cleans-sarl.com\/wp-content\/uploads\/2019\/12\/distributeur-automatic-papier-essuie-main-1-342x342.jpg 342w, https:\/\/cleans-sarl.com\/wp-content\/uploads\/2019\/12\/distributeur-automatic-papier-essuie-main-1-570x570.jpg 570w, https:\/\/cleans-sarl.com\/wp-content\/uploads\/2019\/12\/distributeur-automatic-papier-essuie-main-1-600x600.jpg 600w, https:\/\/cleans-sarl.com\/wp-content\/uploads\/2019\/12\/distributeur-automatic-papier-essuie-main-1.jpg 1000w\" sizes=\"auto, (max-width: 300px) 100vw, 300px\" \/>\t\t<h2 class=\"woocommerce-loop-category__title\">\n\t\t\tHand towel dispenser <mark class=\"count\">(13)<\/mark>\t\t<\/h2>\n\t\t<\/a><\/li>\n<li class=\"product-category product\">\n\t<a aria-label=\"Visit product category Distributeur papier toilette\" href=\"https:\/\/cleans-sarl.com\/en\/product-category\/distributeur-papier-tiolette\/\" data-no-translation-aria-label=\"\"><img loading=\"lazy\" decoding=\"async\" src=\"https:\/\/cleans-sarl.com\/wp-content\/uploads\/2019\/12\/rulopak-cimri-icten-cekmeli-tuvalet-ka-4248-8-300x300.jpg\" alt=\"Distributeur papier toilette\" width=\"300\" height=\"300\" srcset=\"https:\/\/cleans-sarl.com\/wp-content\/uploads\/2019\/12\/rulopak-cimri-icten-cekmeli-tuvalet-ka-4248-8-300x300.jpg 300w, https:\/\/cleans-sarl.com\/wp-content\/uploads\/2019\/12\/rulopak-cimri-icten-cekmeli-tuvalet-ka-4248-8-150x150.jpg 150w, https:\/\/cleans-sarl.com\/wp-content\/uploads\/2019\/12\/rulopak-cimri-icten-cekmeli-tuvalet-ka-4248-8-13x12.jpg 13w, https:\/\/cleans-sarl.com\/wp-content\/uploads\/2019\/12\/rulopak-cimri-icten-cekmeli-tuvalet-ka-4248-8-100x100.jpg 100w, https:\/\/cleans-sarl.com\/wp-content\/uploads\/2019\/12\/rulopak-cimri-icten-cekmeli-tuvalet-ka-4248-8-342x342.jpg 342w, https:\/\/cleans-sarl.com\/wp-content\/uploads\/2019\/12\/rulopak-cimri-icten-cekmeli-tuvalet-ka-4248-8-570x570.jpg 570w\" sizes=\"auto, (max-width: 300px) 100vw, 300px\" \/>\t\t<h2 class=\"woocommerce-loop-category__title\">\n\t\t\tToilet paper dispenser <mark class=\"count\">(14)<\/mark>\t\t<\/h2>\n\t\t<\/a><\/li>\n<li class=\"product-category product\">\n\t<a aria-label=\"Visit product category Distributeur savon\" href=\"https:\/\/cleans-sarl.com\/en\/product-category\/distributeur-savon\/\" data-no-translation-aria-label=\"\"><img loading=\"lazy\" decoding=\"async\" src=\"https:\/\/cleans-sarl.com\/wp-content\/uploads\/2019\/12\/rulopak-elite-sensorlu-sivi-sprey-deze-2-430a-300x300.jpg\" alt=\"Distributeur savon\" width=\"300\" height=\"300\" srcset=\"https:\/\/cleans-sarl.com\/wp-content\/uploads\/2019\/12\/rulopak-elite-sensorlu-sivi-sprey-deze-2-430a-300x300.jpg 300w, https:\/\/cleans-sarl.com\/wp-content\/uploads\/2019\/12\/rulopak-elite-sensorlu-sivi-sprey-deze-2-430a-150x150.jpg 150w, https:\/\/cleans-sarl.com\/wp-content\/uploads\/2019\/12\/rulopak-elite-sensorlu-sivi-sprey-deze-2-430a-100x100.jpg 100w, https:\/\/cleans-sarl.com\/wp-content\/uploads\/2019\/12\/rulopak-elite-sensorlu-sivi-sprey-deze-2-430a-342x342.jpg 342w, https:\/\/cleans-sarl.com\/wp-content\/uploads\/2019\/12\/rulopak-elite-sensorlu-sivi-sprey-deze-2-430a-570x570.jpg 570w\" sizes=\"auto, (max-width: 300px) 100vw, 300px\" \/>\t\t<h2 class=\"woocommerce-loop-category__title\">\n\t\t\tSoap dispenser <mark class=\"count\">(22)<\/mark>\t\t<\/h2>\n\t\t<\/a><\/li>\n<li class=\"product-category product last\">\n\t<a aria-label=\"Visit product category Draps d&#039;examen\" href=\"https:\/\/cleans-sarl.com\/en\/product-category\/draps-dexamen\/\" data-no-translation-aria-label=\"\"><img loading=\"lazy\" decoding=\"async\" src=\"https:\/\/cleans-sarl.com\/wp-content\/uploads\/2019\/12\/rulopak-muayene-masa-ortusu-50m-90efa7-300x300.jpg\" alt=\"Draps d&#039;examen\" width=\"300\" height=\"300\" srcset=\"https:\/\/cleans-sarl.com\/wp-content\/uploads\/2019\/12\/rulopak-muayene-masa-ortusu-50m-90efa7-300x300.jpg 300w, https:\/\/cleans-sarl.com\/wp-content\/uploads\/2019\/12\/rulopak-muayene-masa-ortusu-50m-90efa7-150x150.jpg 150w, https:\/\/cleans-sarl.com\/wp-content\/uploads\/2019\/12\/rulopak-muayene-masa-ortusu-50m-90efa7-768x768.jpg 768w, https:\/\/cleans-sarl.com\/wp-content\/uploads\/2019\/12\/rulopak-muayene-masa-ortusu-50m-90efa7-12x12.jpg 12w, https:\/\/cleans-sarl.com\/wp-content\/uploads\/2019\/12\/rulopak-muayene-masa-ortusu-50m-90efa7-100x100.jpg 100w, https:\/\/cleans-sarl.com\/wp-content\/uploads\/2019\/12\/rulopak-muayene-masa-ortusu-50m-90efa7-342x342.jpg 342w, https:\/\/cleans-sarl.com\/wp-content\/uploads\/2019\/12\/rulopak-muayene-masa-ortusu-50m-90efa7-570x570.jpg 570w, https:\/\/cleans-sarl.com\/wp-content\/uploads\/2019\/12\/rulopak-muayene-masa-ortusu-50m-90efa7-600x600.jpg 600w, https:\/\/cleans-sarl.com\/wp-content\/uploads\/2019\/12\/rulopak-muayene-masa-ortusu-50m-90efa7.jpg 1000w\" sizes=\"auto, (max-width: 300px) 100vw, 300px\" \/>\t\t<h2 class=\"woocommerce-loop-category__title\">\n\t\t\tExamination sheets <mark class=\"count\">(1)<\/mark>\t\t<\/h2>\n\t\t<\/a><\/li>\n<li class=\"product-category product first\">\n\t<a aria-label=\"Visit product category Housse de siege\" href=\"https:\/\/cleans-sarl.com\/en\/product-category\/housse-de-siege\/\" data-no-translation-aria-label=\"\"><img loading=\"lazy\" decoding=\"async\" src=\"https:\/\/cleans-sarl.com\/wp-content\/uploads\/2024\/05\/672466456890106-300x300.jpeg\" alt=\"Housse de siege\" width=\"300\" height=\"300\" srcset=\"https:\/\/cleans-sarl.com\/wp-content\/uploads\/2024\/05\/672466456890106-300x300.jpeg 300w, https:\/\/cleans-sarl.com\/wp-content\/uploads\/2024\/05\/672466456890106-150x150.jpeg 150w, https:\/\/cleans-sarl.com\/wp-content\/uploads\/2024\/05\/672466456890106-13x12.jpeg 13w, https:\/\/cleans-sarl.com\/wp-content\/uploads\/2024\/05\/672466456890106-100x100.jpeg 100w, https:\/\/cleans-sarl.com\/wp-content\/uploads\/2024\/05\/672466456890106-342x342.jpeg 342w, https:\/\/cleans-sarl.com\/wp-content\/uploads\/2024\/05\/672466456890106-570x570.jpeg 570w\" sizes=\"auto, (max-width: 300px) 100vw, 300px\" \/>\t\t<h2 class=\"woocommerce-loop-category__title\">\n\t\t\tSeat cover <mark class=\"count\">(2)<\/mark>\t\t<\/h2>\n\t\t<\/a><\/li>\n<li class=\"product-category product\">\n\t<a aria-label=\"Visit product category Papier essuie tout\" href=\"https:\/\/cleans-sarl.com\/en\/product-category\/papier-essuie-tout\/\" data-no-translation-aria-label=\"\"><img loading=\"lazy\" decoding=\"async\" src=\"https:\/\/cleans-sarl.com\/wp-content\/uploads\/2019\/12\/rulopak-2xl-icten-cekmeli-havlu-055743-300x300.jpg\" alt=\"Papier essuie tout\" width=\"300\" height=\"300\" srcset=\"https:\/\/cleans-sarl.com\/wp-content\/uploads\/2019\/12\/rulopak-2xl-icten-cekmeli-havlu-055743-300x300.jpg 300w, https:\/\/cleans-sarl.com\/wp-content\/uploads\/2019\/12\/rulopak-2xl-icten-cekmeli-havlu-055743-150x150.jpg 150w, https:\/\/cleans-sarl.com\/wp-content\/uploads\/2019\/12\/rulopak-2xl-icten-cekmeli-havlu-055743-100x100.jpg 100w, https:\/\/cleans-sarl.com\/wp-content\/uploads\/2019\/12\/rulopak-2xl-icten-cekmeli-havlu-055743-342x342.jpg 342w\" sizes=\"auto, (max-width: 300px) 100vw, 300px\" \/>\t\t<h2 class=\"woocommerce-loop-category__title\">\n\t\t\tPaper towels <mark class=\"count\">(6)<\/mark>\t\t<\/h2>\n\t\t<\/a><\/li>\n<li class=\"product-category product\">\n\t<a aria-label=\"Visit product category Papier toilette\" href=\"https:\/\/cleans-sarl.com\/en\/product-category\/papier-toilette\/\" data-no-translation-aria-label=\"\"><img loading=\"lazy\" decoding=\"async\" src=\"https:\/\/cleans-sarl.com\/wp-content\/uploads\/2019\/12\/65drtytu67m2fblds9yb.1-300x300.jpg\" alt=\"Papier toilette\" width=\"300\" height=\"300\" srcset=\"https:\/\/cleans-sarl.com\/wp-content\/uploads\/2019\/12\/65drtytu67m2fblds9yb.1-300x300.jpg 300w, https:\/\/cleans-sarl.com\/wp-content\/uploads\/2019\/12\/65drtytu67m2fblds9yb.1-150x150.jpg 150w, https:\/\/cleans-sarl.com\/wp-content\/uploads\/2019\/12\/65drtytu67m2fblds9yb.1-13x12.jpg 13w, https:\/\/cleans-sarl.com\/wp-content\/uploads\/2019\/12\/65drtytu67m2fblds9yb.1-100x100.jpg 100w, https:\/\/cleans-sarl.com\/wp-content\/uploads\/2019\/12\/65drtytu67m2fblds9yb.1-342x342.jpg 342w, https:\/\/cleans-sarl.com\/wp-content\/uploads\/2019\/12\/65drtytu67m2fblds9yb.1-570x570.jpg 570w\" sizes=\"auto, (max-width: 300px) 100vw, 300px\" \/>\t\t<h2 class=\"woocommerce-loop-category__title\">\n\t\t\tToilet paper <mark class=\"count\">(3)<\/mark>\t\t<\/h2>\n\t\t<\/a><\/li>\n<li class=\"product-category product\">\n\t<a aria-label=\"Visit product category Seche main\" href=\"https:\/\/cleans-sarl.com\/en\/product-category\/seche-main\/\" data-no-translation-aria-label=\"\"><img loading=\"lazy\" decoding=\"async\" src=\"https:\/\/cleans-sarl.com\/wp-content\/uploads\/2019\/12\/rulopak-sensorlu-abs-plastik-el-kurutm-52-f4f-300x300.jpg\" alt=\"Seche main\" width=\"300\" height=\"300\" srcset=\"https:\/\/cleans-sarl.com\/wp-content\/uploads\/2019\/12\/rulopak-sensorlu-abs-plastik-el-kurutm-52-f4f-300x300.jpg 300w, https:\/\/cleans-sarl.com\/wp-content\/uploads\/2019\/12\/rulopak-sensorlu-abs-plastik-el-kurutm-52-f4f-150x150.jpg 150w, https:\/\/cleans-sarl.com\/wp-content\/uploads\/2019\/12\/rulopak-sensorlu-abs-plastik-el-kurutm-52-f4f-11x12.jpg 11w, https:\/\/cleans-sarl.com\/wp-content\/uploads\/2019\/12\/rulopak-sensorlu-abs-plastik-el-kurutm-52-f4f-100x100.jpg 100w, https:\/\/cleans-sarl.com\/wp-content\/uploads\/2019\/12\/rulopak-sensorlu-abs-plastik-el-kurutm-52-f4f-342x342.jpg 342w, https:\/\/cleans-sarl.com\/wp-content\/uploads\/2019\/12\/rulopak-sensorlu-abs-plastik-el-kurutm-52-f4f-570x570.jpg 570w\" sizes=\"auto, (max-width: 300px) 100vw, 300px\" \/>\t\t<h2 class=\"woocommerce-loop-category__title\">\n\t\t\tHand dryer <mark class=\"count\">(2)<\/mark>\t\t<\/h2>\n\t\t<\/a><\/li>\n<li class=\"product-category product last\">\n\t<a aria-label=\"Visit product category Systeme parfum\" href=\"https:\/\/cleans-sarl.com\/en\/product-category\/systeme-parfum\/\" data-no-translation-aria-label=\"\"><img loading=\"lazy\" decoding=\"async\" src=\"https:\/\/cleans-sarl.com\/wp-content\/uploads\/2019\/12\/distributeur-professionnel-cosmic-m5-1-300x300.jpg\" alt=\"Systeme parfum\" width=\"300\" height=\"300\" srcset=\"https:\/\/cleans-sarl.com\/wp-content\/uploads\/2019\/12\/distributeur-professionnel-cosmic-m5-1-300x300.jpg 300w, https:\/\/cleans-sarl.com\/wp-content\/uploads\/2019\/12\/distributeur-professionnel-cosmic-m5-1-150x150.jpg 150w, https:\/\/cleans-sarl.com\/wp-content\/uploads\/2019\/12\/distributeur-professionnel-cosmic-m5-1-768x768.jpg 768w, https:\/\/cleans-sarl.com\/wp-content\/uploads\/2019\/12\/distributeur-professionnel-cosmic-m5-1-12x12.jpg 12w, https:\/\/cleans-sarl.com\/wp-content\/uploads\/2019\/12\/distributeur-professionnel-cosmic-m5-1-100x100.jpg 100w, https:\/\/cleans-sarl.com\/wp-content\/uploads\/2019\/12\/distributeur-professionnel-cosmic-m5-1-342x342.jpg 342w, https:\/\/cleans-sarl.com\/wp-content\/uploads\/2019\/12\/distributeur-professionnel-cosmic-m5-1-570x570.jpg 570w, https:\/\/cleans-sarl.com\/wp-content\/uploads\/2019\/12\/distributeur-professionnel-cosmic-m5-1-600x600.jpg 600w, https:\/\/cleans-sarl.com\/wp-content\/uploads\/2019\/12\/distributeur-professionnel-cosmic-m5-1.jpg 1000w\" sizes=\"auto, (max-width: 300px) 100vw, 300px\" \/>\t\t<h2 class=\"woocommerce-loop-category__title\">\n\t\t\tPerfume system <mark class=\"count\">(10)<\/mark>\t\t<\/h2>\n\t\t<\/a><\/li>\n<\/ul>\n<\/div>\n<h5>Our brief description<\/h5>\n<h2>About CLEANS SARL<\/h2>\n<p>Our vision is clear: we aspire to become the leading supplier of industrial hygiene products in Central Africa.<\/p>\n<p>With our scale, product diversity, commitment to quality, operational capacity and integrated facilities, we strive to set superior standards in this crucial sector. <\/p>\n<p>Through our mission, we are committed to distributing premium quality industrial hygiene products, offering the widest distribution range in Cameroon and throughout Central Africa. <\/p>\n<p>We aim to be the preferred and reliable supplier, meeting the varied needs of our customers with efficiency and excellence.<\/p>\n<h6>Discover<\/h6>\n<h2>\n                                    Our partners<br \/>\n                            <\/h2>\n<p>\t\t\t\t\t\t\t\t\t\t\t\t\t\t\t<img loading=\"lazy\" decoding=\"async\" width=\"249\" height=\"176\" src=\"https:\/\/cleans-sarl.com\/wp-content\/uploads\/2024\/04\/rulopak-logo.png\" alt=\"\" srcset=\"https:\/\/cleans-sarl.com\/wp-content\/uploads\/2024\/04\/rulopak-logo.png 249w, https:\/\/cleans-sarl.com\/wp-content\/uploads\/2024\/04\/rulopak-logo-18x12.png 18w, https:\/\/cleans-sarl.com\/wp-content\/uploads\/2024\/04\/rulopak-logo-100x70.png 100w\" sizes=\"auto, (max-width: 249px) 100vw, 249px\" \/>\t\t\t\t\t\t\t\t\t\t\t\t\t\t\t<\/p>\n<figure><img decoding=\"async\" src=\"https:\/\/cleans-sarl.com\/wp-content\/uploads\/2024\/05\/Bliss-300x103.jpg\" alt=\"Bliss\" \/><\/figure>\n<figure><img decoding=\"async\" src=\"https:\/\/cleans-sarl.com\/wp-content\/uploads\/2024\/05\/Boukarou-300x300.jpeg\" alt=\"Boukarou\" \/><\/figure>\n<figure><img decoding=\"async\" src=\"https:\/\/cleans-sarl.com\/wp-content\/uploads\/2024\/05\/Bouns.jpeg\" alt=\"Bouns\" \/><\/figure>\n<figure><img decoding=\"async\" src=\"https:\/\/cleans-sarl.com\/wp-content\/uploads\/2024\/05\/cma-cgm-logo-300x300.jpg\" alt=\"cma-cgm-logo\" \/><\/figure>\n<figure><img decoding=\"async\" src=\"https:\/\/cleans-sarl.com\/wp-content\/uploads\/2024\/05\/CUF.png\" alt=\"CUF\" \/><\/figure>\n<figure><img decoding=\"async\" src=\"https:\/\/cleans-sarl.com\/wp-content\/uploads\/2024\/05\/Galleries-300x300.jpeg\" alt=\"Galleries\" \/><\/figure>\n<figure><img decoding=\"async\" src=\"https:\/\/cleans-sarl.com\/wp-content\/uploads\/2024\/05\/kpdc-1024x1024-1-300x300.png\" alt=\"kpdc-1024x1024\" \/><\/figure>\n<figure><img decoding=\"async\" src=\"https:\/\/cleans-sarl.com\/wp-content\/uploads\/2024\/05\/Krystal-Palace-Douala-300x300.png\" alt=\"Krystal Palace Douala\" \/><\/figure>\n<figure><img decoding=\"async\" src=\"https:\/\/cleans-sarl.com\/wp-content\/uploads\/2024\/05\/light-Marie-O-Logo.png\" alt=\"light-Marie-O-Logo\" \/><\/figure>\n<figure><img decoding=\"async\" src=\"https:\/\/cleans-sarl.com\/wp-content\/uploads\/2024\/05\/Logo_BW_Main-300x300.png\" alt=\"Logo_BW_Main\" \/><\/figure>\n<figure><img decoding=\"async\" src=\"https:\/\/cleans-sarl.com\/wp-content\/uploads\/2024\/05\/logo-Boissonsducam-300x177.png\" alt=\"logo-Boissonsducam\" \/><\/figure>\n<figure><img decoding=\"async\" src=\"https:\/\/cleans-sarl.com\/wp-content\/uploads\/2024\/05\/logo-Falaise-300x266.jpg\" alt=\"logo-Falaise\" \/><\/figure>\n<figure><img decoding=\"async\" src=\"https:\/\/cleans-sarl.com\/wp-content\/uploads\/2024\/05\/logo-maison-h.png\" alt=\"logo-maison-h\" \/><\/figure>\n<figure><img decoding=\"async\" src=\"https:\/\/cleans-sarl.com\/wp-content\/uploads\/2024\/05\/logo-panzani-1024-512-300x150.jpeg\" alt=\"logo-panzani-1024-512\" \/><\/figure>\n<figure><img decoding=\"async\" src=\"https:\/\/cleans-sarl.com\/wp-content\/uploads\/2024\/05\/OIP-1-300x75.jpeg\" alt=\"OIP (1)\" \/><\/figure>\n<figure><img decoding=\"async\" src=\"https:\/\/cleans-sarl.com\/wp-content\/uploads\/2024\/05\/OIP-2-1-300x300.jpeg\" alt=\"OIP (2)\" \/><\/figure>\n<figure><img decoding=\"async\" src=\"https:\/\/cleans-sarl.com\/wp-content\/uploads\/2024\/05\/OIP-3-1-300x225.jpeg\" alt=\"OIP (3)\" \/><\/figure>\n<figure><img decoding=\"async\" src=\"https:\/\/cleans-sarl.com\/wp-content\/uploads\/2024\/05\/OIP-4.jpeg\" alt=\"OIP (4)\" \/><\/figure>\n<figure><img decoding=\"async\" src=\"https:\/\/cleans-sarl.com\/wp-content\/uploads\/2024\/05\/OIP-5-300x225.jpeg\" alt=\"OIP\" \/><\/figure>\n<figure><img decoding=\"async\" src=\"https:\/\/cleans-sarl.com\/wp-content\/uploads\/2024\/05\/Paul-300x109.png\" alt=\"Paul\" \/><\/figure>\n<figure><img decoding=\"async\" src=\"https:\/\/cleans-sarl.com\/wp-content\/uploads\/2024\/05\/Platinum.png\" alt=\"Platinum\" \/><\/figure>\n<figure><img decoding=\"async\" src=\"https:\/\/cleans-sarl.com\/wp-content\/uploads\/2024\/05\/RTC-300x212.jpeg\" alt=\"RTC\" \/><\/figure>\n<figure><img decoding=\"async\" src=\"https:\/\/cleans-sarl.com\/wp-content\/uploads\/2024\/05\/salsa-300x300.jpg\" alt=\"salsa\" \/><\/figure>\n<figure><img decoding=\"async\" src=\"https:\/\/cleans-sarl.com\/wp-content\/uploads\/2024\/05\/SCI-300x295.jpg\" alt=\"SCI\" \/><\/figure>\n<figure><img decoding=\"async\" src=\"https:\/\/cleans-sarl.com\/wp-content\/uploads\/2024\/05\/SNH.jpeg\" alt=\"SNH\" \/><\/figure>\n<figure><img decoding=\"async\" src=\"https:\/\/cleans-sarl.com\/wp-content\/uploads\/2019\/12\/Body-care-complex.png\" alt=\"Body care complex\" \/><\/figure>\n<figure><img decoding=\"async\" src=\"https:\/\/cleans-sarl.com\/wp-content\/uploads\/2019\/12\/casino-le-salut-300x195.png\" alt=\"casino le salut\" \/><\/figure>\n<figure><img decoding=\"async\" src=\"https:\/\/cleans-sarl.com\/wp-content\/uploads\/2019\/12\/congelcam.jpeg\" alt=\"congelcam\" \/><\/figure>\n<figure><img decoding=\"async\" src=\"https:\/\/cleans-sarl.com\/wp-content\/uploads\/2019\/12\/merina-hotel-300x252.png\" alt=\"merina hotel\" \/><\/figure>\n<figure><img decoding=\"async\" src=\"https:\/\/cleans-sarl.com\/wp-content\/uploads\/2019\/12\/pasta.png\" alt=\"pasta\" \/><\/figure>\n<figure><img decoding=\"async\" src=\"https:\/\/cleans-sarl.com\/wp-content\/uploads\/2019\/12\/SGS-Logo-217px-300x184.jpg\" alt=\"SGS Logo 217px\" \/><\/figure>\n<figure><img decoding=\"async\" src=\"https:\/\/cleans-sarl.com\/wp-content\/uploads\/2019\/12\/enko.jpeg\" alt=\"enko\" \/><\/figure>\n<h1>Why choose CLEANS SARL?<\/h1>\n<p>\t\t\t\t\t\t\t\t\tExperience<br \/>\n\t\t\t\t\t\t\t\t\tProduct quality<br \/>\n\t\t\t\t\t\t\t\t\tVision<br \/>\n\t\t\t\t\t\t\t\t\tExperience<\/p>\n<p>Cleans Sarl a fait son entr\u00e9e rapide dans le secteur de l\u2019hygi\u00e8ne int\u00e9rieure et l&rsquo;a conquis\u00a0avec sa structure d\u2019entreprise en d\u00e9veloppement et sa puissance de croissance rapide depuis 7 ans.<\/p>\n<p>\t\t\t\t\t\t\t\t\tProduct quality<\/p>\n<p>With its high-quality Rulopak Cleans products, it has made many innovations from professional and public spaces to personal hygiene needs and focuses on hygiene products in the true sense of the word.<\/p>\n<p>\t\t\t\t\t\t\t\t\tVision<\/p>\n<p>Cleans Sarl offers value-added services in Cameroon and is taking proud and confident steps to become a benchmark in Africa by distributing its Rulopak Cleans products.<\/p>\n<p>\t\t\t\t\t<a href=\"https:\/\/kinbethrat.cz\/\">Kinbet<\/a><br \/>\n\t\t\t\t\t<a href=\"https:\/\/winmegagiocare.it\/it-it\/\">Winmega<\/a><br \/>\n\t\t\t\t\t<a href=\"https:\/\/chickenroadplay.se\/sv-se\/\">Chicken Road<\/a><br \/>\n\t\t\t\t\t<a href=\"https:\/\/madofficialau.com\/\">MadNix<\/a><br \/>\n\t\t\t\t\t<a href=\"https:\/\/wanteddeadorawildspelen.nl\/nl-nl\/\">Wanted Dead or a Wild<\/a><br \/>\n\t\t\t\t\t<a href=\"https:\/\/wolftreasuresplay-au.com\/en-au\/\">Wolf Treasures<\/a><br \/>\n\t\t\t\t\t<a href=\"https:\/\/leoncasino-play.uk\/en-gb\/\">Leon casino<\/a><br \/>\n\t\t\t\t\t<a href=\"https:\/\/monsterwinoffiziell-de.com\/de-de\/\">MonsterWin<\/a><br \/>\n\t\t\t\t\t<a href=\"https:\/\/chicken-roadofficial.ro\/ro-ro\/\">Chicken Road<\/a><br \/>\n\t\t\t\t\t<a href=\"https:\/\/leonofficial-ca.com\/\">Leon casino<\/a><br \/>\n\t\t\t\t\t<a href=\"https:\/\/30betofficieel-nl.com\/nl-nl\/\">30Bet<\/a><br \/>\n\t\t\t\t\t<a href=\"https:\/\/betonredjugar.es\/es-es\/\">Bet On Red<\/a><br \/>\n\t\t\t\t\t<a href=\"https:\/\/kinbetoffiziell-de.com\/de-de\/\">Kinbet<\/a><br \/>\n\t\t\t\t\t<a href=\"https:\/\/chickenroadonline.nz\/en-nz\/\">Chicken Road<\/a><br \/>\n\t\t\t\t\t<a href=\"https:\/\/legacyofdeadplay.ca\/\">Legacy of Dead<\/a><br \/>\n\t\t\t\t\t<a href=\"https:\/\/vegasinooffiziell-de.com\/de-de\/\">Vegasino<\/a><br \/>\n\t\t\t\t\t<a href=\"https:\/\/pokkiesslots.com\/book-of-dead\/\">book of dead<\/a><br \/>\n\t\t\t\t\t<a href=\"https:\/\/highflyjugar.es\/es-es\/\">HighFly<\/a><br \/>\n\t\t\t\t\t<a href=\"https:\/\/legacyofdeadambtenaar.nl\/nl-nl\/\">Legacy of Dead<\/a><\/p>","protected":false},"excerpt":{"rendered":"<p>Dispositifs d&rsquo;Hygi\u00e8ne Haut de Qualit\u00e9 pour Espaces Professionnels et PublicsD\u00e9couvrez nos produits innovants pour maintenir la propret\u00e9 et le confort dans vos lieux professionnels et publics.Approvisionnement Fiable en Consommables de Qualit\u00e9.Chez CLEANS SARL, nous garantissons la disponibilit\u00e9 constante des produits essentiels pour vos besoins d&rsquo;hygi\u00e8ne, sans compromis.Votre Partenaire en Hygi\u00e8ne pour une vie plus saineAvec [&hellip;]<\/p>","protected":false},"author":1,"featured_media":0,"parent":0,"menu_order":0,"comment_status":"closed","ping_status":"closed","template":"","meta":{"wprm-recipe-roundup-name":"","wprm-recipe-roundup-description":"","footnotes":""},"class_list":["post-198","page","type-page","status-publish","hentry"],"_links":{"self":[{"href":"https:\/\/cleans-sarl.com\/en\/wp-json\/wp\/v2\/pages\/198","targetHints":{"allow":["GET"]}}],"collection":[{"href":"https:\/\/cleans-sarl.com\/en\/wp-json\/wp\/v2\/pages"}],"about":[{"href":"https:\/\/cleans-sarl.com\/en\/wp-json\/wp\/v2\/types\/page"}],"author":[{"embeddable":true,"href":"https:\/\/cleans-sarl.com\/en\/wp-json\/wp\/v2\/users\/1"}],"replies":[{"embeddable":true,"href":"https:\/\/cleans-sarl.com\/en\/wp-json\/wp\/v2\/comments?post=198"}],"version-history":[{"count":525,"href":"https:\/\/cleans-sarl.com\/en\/wp-json\/wp\/v2\/pages\/198\/revisions"}],"predecessor-version":[{"id":3112,"href":"https:\/\/cleans-sarl.com\/en\/wp-json\/wp\/v2\/pages\/198\/revisions\/3112"}],"wp:attachment":[{"href":"https:\/\/cleans-sarl.com\/en\/wp-json\/wp\/v2\/media?parent=198"}],"curies":[{"name":"wp","href":"https:\/\/api.w.org\/{rel}","templated":true}]}}