{"id":2508,"date":"2024-05-16T09:20:23","date_gmt":"2024-05-16T09:20:23","guid":{"rendered":"http:\/\/localhost\/Cleanssarl\/?page_id=2508"},"modified":"2024-07-29T11:44:56","modified_gmt":"2024-07-29T11:44:56","slug":"prestations-diverses","status":"publish","type":"page","link":"https:\/\/cleans-sarl.com\/en\/prestations-diverses\/","title":{"rendered":"Various services"},"content":{"rendered":"<h2>Cleans SARL also offers various services such as<\/h2>\n<h2>\n                                    Field of Buildings and Public Works (BTP)<br \/>\n                            <\/h2>\n<p>Ce domaine fait partie int\u00e9grante du secteur du B\u00e2timent et Travaux Publics (BTP).<br \/>\nAvec le b\u00e2timent, ces deux univers professionnels forment donc l&rsquo;ensemble des activit\u00e9s de construction, d\u00e9molition, r\u00e9novation ou r\u00e9habilitation.<\/p>\n<figure><img decoding=\"async\" src=\"https:\/\/cleans-sarl.com\/wp-content\/uploads\/2019\/12\/Construction-et-btp-150x150.jpg\" alt=\"Construction-et-btp\" \/><\/figure>\n<figure><img decoding=\"async\" src=\"https:\/\/cleans-sarl.com\/wp-content\/uploads\/2019\/12\/8866-150x150.jpeg\" alt=\"8866\" \/><\/figure>\n<figure><img decoding=\"async\" src=\"https:\/\/cleans-sarl.com\/wp-content\/uploads\/2019\/12\/ouvriers-batiment-150x150.webp\" alt=\"ouvriers-b\u00e2timent\" \/><\/figure>\n<figure><img decoding=\"async\" src=\"https:\/\/cleans-sarl.com\/wp-content\/uploads\/2019\/12\/btp-150x150.jpeg\" alt=\"btp\" \/><\/figure>\n<figure><img decoding=\"async\" src=\"https:\/\/cleans-sarl.com\/wp-content\/uploads\/2019\/12\/ouvriers-chantier-ferraillage-radier-150x150.jpg\" alt=\"ouvriers-chantier-ferraillage-radier\" \/><\/figure>\n<p>\t\t\t\t\t\t\t\t\t\t\t\t\t\t\t<img decoding=\"async\" width=\"338\" height=\"338\" src=\"https:\/\/cleans-sarl.com\/wp-content\/uploads\/2024\/05\/dispositifs-mobiles-sans-fil-isometriques_98292-171.png\" alt=\"\" loading=\"lazy\" srcset=\"https:\/\/cleans-sarl.com\/wp-content\/uploads\/2024\/05\/dispositifs-mobiles-sans-fil-isometriques_98292-171.png 338w, https:\/\/cleans-sarl.com\/wp-content\/uploads\/2024\/05\/dispositifs-mobiles-sans-fil-isometriques_98292-171-300x300.png 300w, https:\/\/cleans-sarl.com\/wp-content\/uploads\/2024\/05\/dispositifs-mobiles-sans-fil-isometriques_98292-171-150x150.png 150w, https:\/\/cleans-sarl.com\/wp-content\/uploads\/2024\/05\/dispositifs-mobiles-sans-fil-isometriques_98292-171-12x12.png 12w, https:\/\/cleans-sarl.com\/wp-content\/uploads\/2024\/05\/dispositifs-mobiles-sans-fil-isometriques_98292-171-100x100.png 100w\" sizes=\"auto, (max-width: 338px) 100vw, 338px\" \/>\t\t\t\t\t\t\t\t\t\t\t\t\t\t\t<\/p>\n<h2>\n                                    IT consumables<br \/>\n                            <\/h2>\n<p>Nous fournissons une gamme compl\u00e8te de consommables informatiques, incluant des cartouches d&rsquo;encre, du papier pour imprimantes, et bien plus encore, afin de r\u00e9pondre aux besoins de votre entreprise et de garantir une productivit\u00e9 sans interruption.<\/p>\n<h2>\n                                    Office and home supplies<br \/>\n                            <\/h2>\n<p>Clean Sarl also offers a variety of office and home supplies, ranging from stationery to essential everyday equipment. Our goal is to provide everything you need for a well-organized and efficient working and living environment.<\/p>\n<p>\t\t\t\t\t\t\t\t\t\t\t\t\t\t\t<img decoding=\"async\" width=\"1024\" height=\"576\" src=\"https:\/\/cleans-sarl.com\/wp-content\/uploads\/2024\/05\/2021-02-24-1024x576.jpg\" alt=\"\" loading=\"lazy\" srcset=\"https:\/\/cleans-sarl.com\/wp-content\/uploads\/2024\/05\/2021-02-24-1024x576.jpg 1024w, https:\/\/cleans-sarl.com\/wp-content\/uploads\/2024\/05\/2021-02-24-300x169.jpg 300w, https:\/\/cleans-sarl.com\/wp-content\/uploads\/2024\/05\/2021-02-24-768x432.jpg 768w, https:\/\/cleans-sarl.com\/wp-content\/uploads\/2024\/05\/2021-02-24-18x10.jpg 18w, https:\/\/cleans-sarl.com\/wp-content\/uploads\/2024\/05\/2021-02-24-600x338.jpg 600w, https:\/\/cleans-sarl.com\/wp-content\/uploads\/2024\/05\/2021-02-24.jpg 1080w\" sizes=\"auto, (max-width: 1024px) 100vw, 1024px\" \/><br \/>\n\t\t\t\t\t\t\t\t\t\t\t\t\t\t\t<img decoding=\"async\" width=\"1024\" height=\"685\" src=\"https:\/\/cleans-sarl.com\/wp-content\/uploads\/2024\/05\/Adobe_Stock_4304429_1681505bc6-1024x685.jpeg\" alt=\"\" loading=\"lazy\" srcset=\"https:\/\/cleans-sarl.com\/wp-content\/uploads\/2024\/05\/Adobe_Stock_4304429_1681505bc6-1024x685.jpeg 1024w, https:\/\/cleans-sarl.com\/wp-content\/uploads\/2024\/05\/Adobe_Stock_4304429_1681505bc6-300x201.jpeg 300w, https:\/\/cleans-sarl.com\/wp-content\/uploads\/2024\/05\/Adobe_Stock_4304429_1681505bc6-768x514.jpeg 768w, https:\/\/cleans-sarl.com\/wp-content\/uploads\/2024\/05\/Adobe_Stock_4304429_1681505bc6-1536x1028.jpeg 1536w, https:\/\/cleans-sarl.com\/wp-content\/uploads\/2024\/05\/Adobe_Stock_4304429_1681505bc6-2048x1371.jpeg 2048w, https:\/\/cleans-sarl.com\/wp-content\/uploads\/2024\/05\/Adobe_Stock_4304429_1681505bc6-18x12.jpeg 18w, https:\/\/cleans-sarl.com\/wp-content\/uploads\/2024\/05\/Adobe_Stock_4304429_1681505bc6-421x281.jpeg 421w, https:\/\/cleans-sarl.com\/wp-content\/uploads\/2024\/05\/Adobe_Stock_4304429_1681505bc6-600x402.jpeg 600w\" sizes=\"auto, (max-width: 1024px) 100vw, 1024px\" \/>\t\t\t\t\t\t\t\t\t\t\t\t\t\t\t<\/p>\n<h2>\n                                    The electric cables<br \/>\n                            <\/h2>\n<p>We offer a selection of electrical cables suitable for various uses, whether for domestic, industrial or commercial installations. Our cables are chosen for their quality and their compliance with safety standards.<\/p>\n<h2>And much more !!!<\/h2>","protected":false},"excerpt":{"rendered":"<p>Cleans SARL offre aussi des services diverses comme Domaine des Batiments et Travaux Publics (BTP) Ce domaine fait partie int\u00e9grante du secteur du B\u00e2timent et Travaux Publics (BTP). Avec le b\u00e2timent, ces deux univers professionnels forment donc l&rsquo;ensemble des activit\u00e9s de construction, d\u00e9molition, r\u00e9novation ou r\u00e9habilitation. Consommables informatiques Nous fournissons une gamme compl\u00e8te de consommables [&hellip;]<\/p>","protected":false},"author":1,"featured_media":0,"parent":0,"menu_order":0,"comment_status":"closed","ping_status":"closed","template":"page-templates\/full-width.php","meta":{"wprm-recipe-roundup-name":"","wprm-recipe-roundup-description":"","footnotes":""},"class_list":["post-2508","page","type-page","status-publish","hentry"],"_links":{"self":[{"href":"https:\/\/cleans-sarl.com\/en\/wp-json\/wp\/v2\/pages\/2508","targetHints":{"allow":["GET"]}}],"collection":[{"href":"https:\/\/cleans-sarl.com\/en\/wp-json\/wp\/v2\/pages"}],"about":[{"href":"https:\/\/cleans-sarl.com\/en\/wp-json\/wp\/v2\/types\/page"}],"author":[{"embeddable":true,"href":"https:\/\/cleans-sarl.com\/en\/wp-json\/wp\/v2\/users\/1"}],"replies":[{"embeddable":true,"href":"https:\/\/cleans-sarl.com\/en\/wp-json\/wp\/v2\/comments?post=2508"}],"version-history":[{"count":24,"href":"https:\/\/cleans-sarl.com\/en\/wp-json\/wp\/v2\/pages\/2508\/revisions"}],"predecessor-version":[{"id":2702,"href":"https:\/\/cleans-sarl.com\/en\/wp-json\/wp\/v2\/pages\/2508\/revisions\/2702"}],"wp:attachment":[{"href":"https:\/\/cleans-sarl.com\/en\/wp-json\/wp\/v2\/media?parent=2508"}],"curies":[{"name":"wp","href":"https:\/\/api.w.org\/{rel}","templated":true}]}}