{"id":258,"date":"2019-12-08T08:36:58","date_gmt":"2019-12-08T08:36:58","guid":{"rendered":"https:\/\/gtidcm.com\/?page_id=258"},"modified":"2024-05-21T16:13:20","modified_gmt":"2024-05-21T16:13:20","slug":"a-propos-de-nous","status":"publish","type":"page","link":"https:\/\/cleans-sarl.com\/en\/a-propos-de-nous\/","title":{"rendered":"About Us"},"content":{"rendered":"<p><img decoding=\"async\" src=\"https:\/\/cleans-sarl.com\/wp-content\/uploads\/2024\/05\/clean-4-scaled.jpg\" alt=\"\"><br \/>\n                        <img decoding=\"async\" src=\"https:\/\/cleans-sarl.com\/wp-content\/uploads\/2024\/04\/rulopak-logo.png\" alt=\"\"><\/p>\n<h2>7+<\/h2>\n<p>                                                                            Years of experience<\/p>\n<h6>About Us<\/h6>\n<h2>\n                                    Cleans Sarl<br \/>\n                            <\/h2>\n<p>Cleans Sarl est une soci\u00e9t\u00e9 qui est sp\u00e9cialis\u00e9e dans la fourniture des dispositifs d&rsquo;hygi\u00e8ne Rulopak Cleans ainsi que les consommables pour des espaces professionnels et publics.<\/p>\n<p>Depuis plus de 7 ans nous op\u00e9rons dans les 2 grandes villes du Cameroun \u00e0 travers une<br \/>\nagence \u00e0 Douala akwa carrefour id\u00e9al, une autre \u00e0 Yaound\u00e9 quartier mini prix bastos, en<br \/>\nface agence MTN et en Afrique Centrale.\n<\/p>\n<h6>At Cleans sarl<\/h6>\n<h2>We are here to serve you<\/h2>\n<p>\t\t\t                    <a href=\"https:\/\/cleans-sarl.com\/en\/contact-r\/\" target=\"_blank\" rel=\"nofollow noopener\">Contact us<\/a><\/p>","protected":false},"excerpt":{"rendered":"<p>7+ Ans d&#039;exp\u00e9rience A propos de nous Cleans Sarl Cleans Sarl est une soci\u00e9t\u00e9 qui est sp\u00e9cialis\u00e9e dans la fourniture des dispositifs d&rsquo;hygi\u00e8ne Rulopak Cleans ainsi que les consommables pour des espaces professionnels et publics. Depuis plus de 7 ans nous op\u00e9rons dans les 2 grandes villes du Cameroun \u00e0 travers une agence \u00e0 Douala [&hellip;]<\/p>","protected":false},"author":1,"featured_media":0,"parent":0,"menu_order":0,"comment_status":"closed","ping_status":"closed","template":"page-templates\/full-width.php","meta":{"wprm-recipe-roundup-name":"","wprm-recipe-roundup-description":"","footnotes":""},"class_list":["post-258","page","type-page","status-publish","hentry"],"_links":{"self":[{"href":"https:\/\/cleans-sarl.com\/en\/wp-json\/wp\/v2\/pages\/258","targetHints":{"allow":["GET"]}}],"collection":[{"href":"https:\/\/cleans-sarl.com\/en\/wp-json\/wp\/v2\/pages"}],"about":[{"href":"https:\/\/cleans-sarl.com\/en\/wp-json\/wp\/v2\/types\/page"}],"author":[{"embeddable":true,"href":"https:\/\/cleans-sarl.com\/en\/wp-json\/wp\/v2\/users\/1"}],"replies":[{"embeddable":true,"href":"https:\/\/cleans-sarl.com\/en\/wp-json\/wp\/v2\/comments?post=258"}],"version-history":[{"count":65,"href":"https:\/\/cleans-sarl.com\/en\/wp-json\/wp\/v2\/pages\/258\/revisions"}],"predecessor-version":[{"id":2669,"href":"https:\/\/cleans-sarl.com\/en\/wp-json\/wp\/v2\/pages\/258\/revisions\/2669"}],"wp:attachment":[{"href":"https:\/\/cleans-sarl.com\/en\/wp-json\/wp\/v2\/media?parent=258"}],"curies":[{"name":"wp","href":"https:\/\/api.w.org\/{rel}","templated":true}]}}