{"id":2092,"date":"2024-05-06T13:53:02","date_gmt":"2024-05-06T13:53:02","guid":{"rendered":"http:\/\/localhost\/Cleanssarl\/?post_type=product&#038;p=2092"},"modified":"2024-05-06T13:53:03","modified_gmt":"2024-05-06T13:53:03","slug":"systeme-de-couvre-siege-de-toilette-hygienique-automatique-sans-contact","status":"publish","type":"product","link":"https:\/\/cleans-sarl.com\/en\/product\/systeme-de-couvre-siege-de-toilette-hygienique-automatique-sans-contact\/","title":{"rendered":"AUTOMATIC TOUCHLESS HYGIENIC TOILET SEAT COVER SYSTEM"},"content":{"rendered":"<p>\u2022 Easy and convenient installation and operation<br \/>\n\u2022 Simple and elegant appearance<br \/>\n\u2022 Fits 95 % toilet seat models on the market.<br \/>\n\u2022 Offers one-time use for every use<br \/>\n\u2022 The sanitary film will stop after turning exactly one revolution and the used film roll is destroyed by a cutter to ensure one-time use.<br \/>\n\u2022 Provides 15 seconds of consecutive standby use to avoid waste<br \/>\n\u2022 Rolls of anti-static nylon film so as not to stick to the skin<br \/>\n\u2022 Nylon film rolls that cause no damage when in contact with skin, rotate the same roll length each time thanks to the revolution counter.<br \/>\n\u2022 Each roller has 80 hygienic seats<br \/>\n\u2022 Produced from high quality ABS raw material<br \/>\n\u2022 Easy to clean to save water and labor needed to keep toilets clean. Offer 100 % of hygiene. Protects the skin from direct contact with the toilet seat to avoid cross-infection of harmful bacteria and germs (E. Hepatitis C, Coli, Shigella, Streptokok, Stafilokok) Provides a complete display of the cleanliness of the institute<\/p>","protected":false},"excerpt":{"rendered":"<p>\u2022 Installation et fonctionnement faciles et pratiques \u2022 Apparence simple et \u00e9l\u00e9gante \u2022 S&rsquo;adapte \u00e0 95 % des mod\u00e8les de si\u00e8ges de toilettes sur le march\u00e9. \u2022 Offre une utilisation unique pour chaque utilisation \u2022 Le film sanitaire s&rsquo;arr\u00eatera apr\u00e8s avoir tourn\u00e9 exactement un tour et le rouleau de film utilis\u00e9 est d\u00e9truit par un [&hellip;]<\/p>","protected":false},"featured_media":2093,"template":"","meta":{"wprm-recipe-roundup-name":"","wprm-recipe-roundup-description":""},"product_brand":[],"product_cat":[71],"product_tag":[],"class_list":{"0":"post-2092","1":"product","2":"type-product","3":"status-publish","4":"has-post-thumbnail","6":"product_cat-housse-de-siege","8":"first","9":"instock","10":"shipping-taxable","11":"product-type-simple"},"_links":{"self":[{"href":"https:\/\/cleans-sarl.com\/en\/wp-json\/wp\/v2\/product\/2092","targetHints":{"allow":["GET"]}}],"collection":[{"href":"https:\/\/cleans-sarl.com\/en\/wp-json\/wp\/v2\/product"}],"about":[{"href":"https:\/\/cleans-sarl.com\/en\/wp-json\/wp\/v2\/types\/product"}],"wp:featuredmedia":[{"embeddable":true,"href":"https:\/\/cleans-sarl.com\/en\/wp-json\/wp\/v2\/media\/2093"}],"wp:attachment":[{"href":"https:\/\/cleans-sarl.com\/en\/wp-json\/wp\/v2\/media?parent=2092"}],"wp:term":[{"taxonomy":"product_brand","embeddable":true,"href":"https:\/\/cleans-sarl.com\/en\/wp-json\/wp\/v2\/product_brand?post=2092"},{"taxonomy":"product_cat","embeddable":true,"href":"https:\/\/cleans-sarl.com\/en\/wp-json\/wp\/v2\/product_cat?post=2092"},{"taxonomy":"product_tag","embeddable":true,"href":"https:\/\/cleans-sarl.com\/en\/wp-json\/wp\/v2\/product_tag?post=2092"}],"curies":[{"name":"wp","href":"https:\/\/api.w.org\/{rel}","templated":true}]}}