{"id":2097,"date":"2024-05-06T13:55:56","date_gmt":"2024-05-06T13:55:56","guid":{"rendered":"http:\/\/localhost\/Cleanssarl\/?post_type=product&#038;p=2097"},"modified":"2024-05-06T13:55:56","modified_gmt":"2024-05-06T13:55:56","slug":"systeme-manuel-de-couvre-siege-de-wc-hygienique","status":"publish","type":"product","link":"https:\/\/cleans-sarl.com\/en\/product\/systeme-manuel-de-couvre-siege-de-wc-hygienique\/","title":{"rendered":"MANUAL HYGIENIC TOILET SEAT COVER SYSTEM"},"content":{"rendered":"<p>\u2022 Ensures hygiene in the toilets.<br \/>\n\u2022It can be easily installed in all toilet systems.<br \/>\n\u2022 Power supply and battery are not used.<br \/>\n\u2022Reduces consumption of toilet paper and sheets of paper.<br \/>\n\u2022Rolls of 300 places are available.<br \/>\n\u2022Each logo line of rollers it uses is manufactured to rotate one full turn, so you can see the total area covered by the clean roller.<br \/>\n\u2022Made of ABS material.<br \/>\n\u2022Toilet seat covers are produced in a very fine structure to prevent the drain pipes from getting clogged and this is easily permeable to moisture and other factors present in the toilet seat cover. The hygienic rollers with sensor are anti-static and non-permeable. Provides real hygiene.<\/p>","protected":false},"excerpt":{"rendered":"<p>\u2022 Assure l&rsquo;hygi\u00e8ne dans les toilettes. \u2022Il peut \u00eatre facilement install\u00e9 dans tous les syst\u00e8mes de toilettes. \u2022 L&rsquo;alimentation \u00e9lectrique et la batterie ne sont pas utilis\u00e9es. \u2022R\u00e9duit la consommation de papier toilette et de feuilles de papier. \u2022Des rouleaux de 300 places sont disponibles. \u2022Chaque gamme de logos des rouleaux qu&rsquo;elle utilise est fabriqu\u00e9e [&hellip;]<\/p>","protected":false},"featured_media":2098,"template":"","meta":{"wprm-recipe-roundup-name":"","wprm-recipe-roundup-description":""},"product_brand":[],"product_cat":[71],"product_tag":[],"class_list":{"0":"post-2097","1":"product","2":"type-product","3":"status-publish","4":"has-post-thumbnail","6":"product_cat-housse-de-siege","8":"first","9":"instock","10":"shipping-taxable","11":"product-type-simple"},"_links":{"self":[{"href":"https:\/\/cleans-sarl.com\/en\/wp-json\/wp\/v2\/product\/2097","targetHints":{"allow":["GET"]}}],"collection":[{"href":"https:\/\/cleans-sarl.com\/en\/wp-json\/wp\/v2\/product"}],"about":[{"href":"https:\/\/cleans-sarl.com\/en\/wp-json\/wp\/v2\/types\/product"}],"wp:featuredmedia":[{"embeddable":true,"href":"https:\/\/cleans-sarl.com\/en\/wp-json\/wp\/v2\/media\/2098"}],"wp:attachment":[{"href":"https:\/\/cleans-sarl.com\/en\/wp-json\/wp\/v2\/media?parent=2097"}],"wp:term":[{"taxonomy":"product_brand","embeddable":true,"href":"https:\/\/cleans-sarl.com\/en\/wp-json\/wp\/v2\/product_brand?post=2097"},{"taxonomy":"product_cat","embeddable":true,"href":"https:\/\/cleans-sarl.com\/en\/wp-json\/wp\/v2\/product_cat?post=2097"},{"taxonomy":"product_tag","embeddable":true,"href":"https:\/\/cleans-sarl.com\/en\/wp-json\/wp\/v2\/product_tag?post=2097"}],"curies":[{"name":"wp","href":"https:\/\/api.w.org\/{rel}","templated":true}]}}