{"id":2255,"date":"2024-05-09T13:03:15","date_gmt":"2024-05-09T13:03:15","guid":{"rendered":"http:\/\/localhost\/Cleanssarl\/?post_type=product&#038;p=2255"},"modified":"2024-05-09T13:03:15","modified_gmt":"2024-05-09T13:03:15","slug":"distributeur-desinfectant-spray-manuel-1000-ml-blanc","status":"publish","type":"product","link":"https:\/\/cleans-sarl.com\/en\/product\/distributeur-desinfectant-spray-manuel-1000-ml-blanc\/","title":{"rendered":"Manual Disinfectant Spray Dispenser 1000 ml White"},"content":{"rendered":"<p>Thanks to its functional characteristics, the dispenser can be used in many areas such as workplaces, hotels, restaurants and shopping centers.  It can be placed at door entrances to maintain hygiene at every step, or it can be mounted at suitable locations at regular intervals.<\/p>\n<p>The use of spray disinfectant dispensers is very important for permanent hygiene in workplaces such as factories and offices, where many people work. Sanitizer dispensers can be placed in easily accessible locations for employees who are unable to wash their hands due to their busy work schedules.<\/p>\n<p>You can use the Rulopak disinfectant dispenser in these areas.<\/p>\n<p>The Rulopak sanitizer dispenser has a wall-mounted design.<\/p>\n<p>It does not require batteries or electrical energy.<\/p>\n<p>Main Features;<\/p>\n<ul>\n<li>It has a reservoir with a capacity of 1000 ml.<\/li>\n<li>You can easily refill it when the sanitizer runs out.<\/li>\n<li>It does not require batteries or electrical energy.<\/li>\n<li>Provides easy and comfortable use<\/li>\n<li>It is ergonomic and hygienic.<\/li>\n<li>There are no problems with leaks or leaks.<\/li>\n<li>It offers maximum hygiene thanks to its intact use.<\/li>\n<li>It can be wall mounted in operating rooms, kitchens, bathrooms, toilets, hospitals, restaurants, schools, etc. It can be used safely in areas.<\/li>\n<\/ul>\n<p>Technical specifications;<\/p>\n<ul>\n<li>Made of high quality ABS material.<\/li>\n<li>Manual operation<\/li>\n<li>It has dimensions of 27.5 x 13 x 13.5 cm.<\/li>\n<li>It weighs 0.8 kg.<\/li>\n<\/ul>","protected":false},"excerpt":{"rendered":"<p>Gr\u00e2ce \u00e0 ses caract\u00e9ristiques fonctionnelles, le distributeur\u00a0\u00a0peut \u00eatre utilis\u00e9 dans de nombreux domaines tels que les lieux de travail, les h\u00f4tels, les restaurants et les centres commerciaux.\u00a0\u00a0Il peut \u00eatre plac\u00e9 aux entr\u00e9es des portes pour maintenir l&rsquo;hygi\u00e8ne \u00e0 chaque \u00e9tape, ou il peut \u00eatre mont\u00e9 \u00e0 des endroits appropri\u00e9s \u00e0 intervalles r\u00e9guliers. L&rsquo;utilisation de distributeurs [&hellip;]<\/p>","protected":false},"featured_media":2256,"template":"","meta":{"wprm-recipe-roundup-name":"","wprm-recipe-roundup-description":""},"product_brand":[],"product_cat":[64],"product_tag":[],"class_list":{"0":"post-2255","1":"product","2":"type-product","3":"status-publish","4":"has-post-thumbnail","6":"product_cat-distributeur-desinfectant","8":"first","9":"instock","10":"shipping-taxable","11":"product-type-simple"},"_links":{"self":[{"href":"https:\/\/cleans-sarl.com\/en\/wp-json\/wp\/v2\/product\/2255","targetHints":{"allow":["GET"]}}],"collection":[{"href":"https:\/\/cleans-sarl.com\/en\/wp-json\/wp\/v2\/product"}],"about":[{"href":"https:\/\/cleans-sarl.com\/en\/wp-json\/wp\/v2\/types\/product"}],"wp:featuredmedia":[{"embeddable":true,"href":"https:\/\/cleans-sarl.com\/en\/wp-json\/wp\/v2\/media\/2256"}],"wp:attachment":[{"href":"https:\/\/cleans-sarl.com\/en\/wp-json\/wp\/v2\/media?parent=2255"}],"wp:term":[{"taxonomy":"product_brand","embeddable":true,"href":"https:\/\/cleans-sarl.com\/en\/wp-json\/wp\/v2\/product_brand?post=2255"},{"taxonomy":"product_cat","embeddable":true,"href":"https:\/\/cleans-sarl.com\/en\/wp-json\/wp\/v2\/product_cat?post=2255"},{"taxonomy":"product_tag","embeddable":true,"href":"https:\/\/cleans-sarl.com\/en\/wp-json\/wp\/v2\/product_tag?post=2255"}],"curies":[{"name":"wp","href":"https:\/\/api.w.org\/{rel}","templated":true}]}}