{"id":2275,"date":"2024-05-09T13:37:08","date_gmt":"2024-05-09T13:37:08","guid":{"rendered":"http:\/\/localhost\/Cleanssarl\/?post_type=product&#038;p=2275"},"modified":"2024-05-09T13:37:08","modified_gmt":"2024-05-09T13:37:08","slug":"support-de-desinfectant-pour-les-mains-sensor","status":"publish","type":"product","link":"https:\/\/cleans-sarl.com\/en\/product\/support-de-desinfectant-pour-les-mains-sensor\/","title":{"rendered":"Sensor Hand Sanitizer Holder"},"content":{"rendered":"<p>The Rulopak Sensor Hand Sanitizer Holder is a convenient hygiene product that automatically dispenses hand sanitizer. Thanks to its sensor, it automatically dispenses disinfectant when your hands approach the bottom of the dispenser, thus ensuring contactless hygiene.<\/p>\n<p>This stand is ideal for meeting hygiene needs, particularly in busy transit areas. Its sensor-based operation makes it easier to use and avoids wasting disinfectant. Additionally, the stand&#039;s sleek design and sturdy construction are suitable for long-term use.<\/p>\n<p>The Rulopak Sensor Hand Sanitizer Holder is designed for use in workplaces, shopping malls, restaurants and similar locations. It is an effective solution to protect the hygiene of customers and employees.<\/p>\n<p>&nbsp;<\/p>\n<p>Main Features;<\/p>\n<ul>\n<li>Sleek, stainless steel design<\/li>\n<li>Elegant and quality sensor dispenser<\/li>\n<li>Adjustable flow intensity<\/li>\n<li>1000ml capacity<\/li>\n<\/ul>","protected":false},"excerpt":{"rendered":"<p>Le support de d\u00e9sinfectant pour les mains Rulopak Sensor est un produit d&rsquo;hygi\u00e8ne pratique qui distribue automatiquement du d\u00e9sinfectant pour les mains. Gr\u00e2ce \u00e0 son capteur, il distribue automatiquement du d\u00e9sinfectant lorsque vos mains approchent du fond du distributeur, assurant ainsi une hygi\u00e8ne sans contact. Ce stand est id\u00e9al pour r\u00e9pondre aux besoins d\u2019hygi\u00e8ne, notamment [&hellip;]<\/p>","protected":false},"featured_media":2276,"template":"","meta":{"wprm-recipe-roundup-name":"","wprm-recipe-roundup-description":""},"product_brand":[],"product_cat":[64],"product_tag":[],"class_list":{"0":"post-2275","1":"product","2":"type-product","3":"status-publish","4":"has-post-thumbnail","6":"product_cat-distributeur-desinfectant","8":"first","9":"instock","10":"shipping-taxable","11":"product-type-simple"},"_links":{"self":[{"href":"https:\/\/cleans-sarl.com\/en\/wp-json\/wp\/v2\/product\/2275","targetHints":{"allow":["GET"]}}],"collection":[{"href":"https:\/\/cleans-sarl.com\/en\/wp-json\/wp\/v2\/product"}],"about":[{"href":"https:\/\/cleans-sarl.com\/en\/wp-json\/wp\/v2\/types\/product"}],"wp:featuredmedia":[{"embeddable":true,"href":"https:\/\/cleans-sarl.com\/en\/wp-json\/wp\/v2\/media\/2276"}],"wp:attachment":[{"href":"https:\/\/cleans-sarl.com\/en\/wp-json\/wp\/v2\/media?parent=2275"}],"wp:term":[{"taxonomy":"product_brand","embeddable":true,"href":"https:\/\/cleans-sarl.com\/en\/wp-json\/wp\/v2\/product_brand?post=2275"},{"taxonomy":"product_cat","embeddable":true,"href":"https:\/\/cleans-sarl.com\/en\/wp-json\/wp\/v2\/product_cat?post=2275"},{"taxonomy":"product_tag","embeddable":true,"href":"https:\/\/cleans-sarl.com\/en\/wp-json\/wp\/v2\/product_tag?post=2275"}],"curies":[{"name":"wp","href":"https:\/\/api.w.org\/{rel}","templated":true}]}}