{"id":2277,"date":"2024-05-09T13:39:35","date_gmt":"2024-05-09T13:39:35","guid":{"rendered":"http:\/\/localhost\/Cleanssarl\/?post_type=product&#038;p=2277"},"modified":"2024-05-09T13:39:35","modified_gmt":"2024-05-09T13:39:35","slug":"support-de-desinfectant-a-pedale","status":"publish","type":"product","link":"https:\/\/cleans-sarl.com\/en\/product\/support-de-desinfectant-a-pedale\/","title":{"rendered":"Pedal Sanitizer Holder"},"content":{"rendered":"<p>The Rulopak Pedal Sanitizer Holder is a hygienic sanitizer holder that is operated with a foot pedal. This holder allows people who want to use hand sanitizer to get sanitizer without touching their hands, providing a hygienic solution.<\/p>\n<p>The foot pedal of this stand operates the disinfectant dispenser with a simple press, so you can disinfect your hands. The sturdy and durable structure of the stand is suitable for long-term use. In addition, the elegant design of the stand also blends into the decoration.<\/p>\n<p>The Rulopak Pedal Sanitizer Holder is ideal for use in workplaces, shopping malls, schools and other high traffic areas. It helps you maintain your hygiene while ensuring your hands are easily sanitized.<\/p>\n<p>Main Features;<\/p>\n<ul>\n<li>Sleek and sturdy design<\/li>\n<li>Practical pedal<\/li>\n<li>Adjustable bottle holder<\/li>\n<li>Advertising space for text alert<\/li>\n<li>Electrostatic powder coating<\/li>\n<\/ul>","protected":false},"excerpt":{"rendered":"<p>Le support d\u00e9sinfectant \u00e0 p\u00e9dale Rulopak est un support d\u00e9sinfectant hygi\u00e9nique qui fonctionne avec une p\u00e9dale. Ce support permet aux personnes souhaitant utiliser du d\u00e9sinfectant pour les mains de se procurer du d\u00e9sinfectant sans se toucher les mains, ce qui offre une solution hygi\u00e9nique. La p\u00e9dale de ce support actionne le distributeur de d\u00e9sinfectant avec [&hellip;]<\/p>","protected":false},"featured_media":2278,"template":"","meta":{"wprm-recipe-roundup-name":"","wprm-recipe-roundup-description":""},"product_brand":[],"product_cat":[64],"product_tag":[],"class_list":{"0":"post-2277","1":"product","2":"type-product","3":"status-publish","4":"has-post-thumbnail","6":"product_cat-distributeur-desinfectant","8":"first","9":"instock","10":"shipping-taxable","11":"product-type-simple"},"_links":{"self":[{"href":"https:\/\/cleans-sarl.com\/en\/wp-json\/wp\/v2\/product\/2277","targetHints":{"allow":["GET"]}}],"collection":[{"href":"https:\/\/cleans-sarl.com\/en\/wp-json\/wp\/v2\/product"}],"about":[{"href":"https:\/\/cleans-sarl.com\/en\/wp-json\/wp\/v2\/types\/product"}],"wp:featuredmedia":[{"embeddable":true,"href":"https:\/\/cleans-sarl.com\/en\/wp-json\/wp\/v2\/media\/2278"}],"wp:attachment":[{"href":"https:\/\/cleans-sarl.com\/en\/wp-json\/wp\/v2\/media?parent=2277"}],"wp:term":[{"taxonomy":"product_brand","embeddable":true,"href":"https:\/\/cleans-sarl.com\/en\/wp-json\/wp\/v2\/product_brand?post=2277"},{"taxonomy":"product_cat","embeddable":true,"href":"https:\/\/cleans-sarl.com\/en\/wp-json\/wp\/v2\/product_cat?post=2277"},{"taxonomy":"product_tag","embeddable":true,"href":"https:\/\/cleans-sarl.com\/en\/wp-json\/wp\/v2\/product_tag?post=2277"}],"curies":[{"name":"wp","href":"https:\/\/api.w.org\/{rel}","templated":true}]}}