{"id":2279,"date":"2024-05-09T13:44:22","date_gmt":"2024-05-09T13:44:22","guid":{"rendered":"http:\/\/localhost\/Cleanssarl\/?post_type=product&#038;p=2279"},"modified":"2024-05-09T13:44:22","modified_gmt":"2024-05-09T13:44:22","slug":"support-dhygiene-pour-capteur","status":"publish","type":"product","link":"https:\/\/cleans-sarl.com\/en\/product\/support-dhygiene-pour-capteur\/","title":{"rendered":"Hygiene support for sensor"},"content":{"rendered":"<p>Rulopak Sensor Hygiene Stand is a stand model that is usually used to present hygiene products such as hand sanitizer or hand sanitizer gel to the user. Thanks to its sensor, it allows users to purchase hygiene products without touching their hands, thus providing a hygienic environment.<\/p>\n<p>This holder is often used in public places, workplaces, shopping malls, restaurants, hospitals, etc. Having a sensor makes it easier to use the hygiene holder and ensures that the hygiene holder is always clean and ready to use.<\/p>\n<p>The Rulopak sensor hygiene holder is generally made of durable materials and is suitable for long-term use. It adds an aesthetic appearance to the space with its sleek and modern design. Moreover, it is a preferred product due to its ease of installation and use.<\/p>\n<p>&nbsp;<\/p>\n<p>Main Features;<\/p>\n<ul>\n<li>It can be transported mobile wherever hygiene is required.<\/li>\n<li>It can be used with alcohol-based hand sanitizer, hand sanitizer or cologne.<\/li>\n<li>The visual of the stand can be modified according to the identity of the company.<\/li>\n<li>It is light and resistant, made of aluminum.<\/li>\n<\/ul>","protected":false},"excerpt":{"rendered":"<p>Rulopak Sensor Hygiene Stand est un mod\u00e8le de stand qui est g\u00e9n\u00e9ralement utilis\u00e9 pour pr\u00e9senter \u00e0 l&rsquo;utilisateur des produits d&rsquo;hygi\u00e8ne tels que du d\u00e9sinfectant pour les mains ou du gel nettoyant pour les mains. Gr\u00e2ce \u00e0 son capteur, il permet aux utilisateurs d&rsquo;acheter des produits d&rsquo;hygi\u00e8ne sans se toucher les mains, offrant ainsi un environnement [&hellip;]<\/p>","protected":false},"featured_media":2280,"template":"","meta":{"wprm-recipe-roundup-name":"","wprm-recipe-roundup-description":""},"product_brand":[],"product_cat":[64],"product_tag":[],"class_list":{"0":"post-2279","1":"product","2":"type-product","3":"status-publish","4":"has-post-thumbnail","6":"product_cat-distributeur-desinfectant","8":"first","9":"instock","10":"shipping-taxable","11":"product-type-simple"},"_links":{"self":[{"href":"https:\/\/cleans-sarl.com\/en\/wp-json\/wp\/v2\/product\/2279","targetHints":{"allow":["GET"]}}],"collection":[{"href":"https:\/\/cleans-sarl.com\/en\/wp-json\/wp\/v2\/product"}],"about":[{"href":"https:\/\/cleans-sarl.com\/en\/wp-json\/wp\/v2\/types\/product"}],"wp:featuredmedia":[{"embeddable":true,"href":"https:\/\/cleans-sarl.com\/en\/wp-json\/wp\/v2\/media\/2280"}],"wp:attachment":[{"href":"https:\/\/cleans-sarl.com\/en\/wp-json\/wp\/v2\/media?parent=2279"}],"wp:term":[{"taxonomy":"product_brand","embeddable":true,"href":"https:\/\/cleans-sarl.com\/en\/wp-json\/wp\/v2\/product_brand?post=2279"},{"taxonomy":"product_cat","embeddable":true,"href":"https:\/\/cleans-sarl.com\/en\/wp-json\/wp\/v2\/product_cat?post=2279"},{"taxonomy":"product_tag","embeddable":true,"href":"https:\/\/cleans-sarl.com\/en\/wp-json\/wp\/v2\/product_tag?post=2279"}],"curies":[{"name":"wp","href":"https:\/\/api.w.org\/{rel}","templated":true}]}}