{"id":2322,"date":"2024-05-09T16:59:12","date_gmt":"2024-05-09T16:59:12","guid":{"rendered":"http:\/\/localhost\/Cleanssarl\/?post_type=product&#038;p=2322"},"modified":"2024-05-09T16:59:12","modified_gmt":"2024-05-09T16:59:12","slug":"savon-liquide-energie-fraiche-by-clean-30-kg","status":"publish","type":"product","link":"https:\/\/cleans-sarl.com\/en\/product\/savon-liquide-energie-fraiche-by-clean-30-kg\/","title":{"rendered":"Fresh Energy Liquid Soap By Clean 30 kg"},"content":{"rendered":"<p>The part of the body that gets dirty most often and accumulates bacteria is the hands. Hand cleaning is a hygiene imperative in the flow of daily life. A good soap is necessary for good hand cleaning.<\/p>\n<p>Rulopak Liquid Soap is a frequently preferred soap for hand and facial cleaning, especially in high traffic environments. Rulopak soap dispensers, one of the most used private label brands, now offer enhanced hygiene with Rulopak liquid soaps.<\/p>\n<p>Thanks to its quality content, Rulopak liquid soap does not dry out the hands and does not cause skin irritation. It lathers easily and rinses quickly. The pH ratio and formula are specially balanced according to these criteria.<\/p>\n<p>Rulopak liquid soap stands out from the types of soaps that dry the skin depending on the intensity of use, thanks to its special formula and content.<\/p>\n<p>Rulopak liquid soap is used in many environments. In general, shopping malls, hospitals, airports, offices, factories, hotels, restaurants, homes, cafes, polyclinics, etc. It is preferred in areas.<\/p>\n<p>Main Features;<\/p>\n<ul>\n<li>30 kg packaging<\/li>\n<li>It has a pleasant, fresh and long-lasting scent.<\/li>\n<li>Does not dry out or irritate hands<\/li>\n<li>It is more preferred in densely populated areas.<\/li>\n<li>Spreads easily on hands<\/li>\n<li>Provides intense cleaning with a small amount of soap<\/li>\n<li>Easy to rinse<\/li>\n<li>Helps save water<\/li>\n<li>Does not harm the skin<\/li>\n<\/ul>","protected":false},"excerpt":{"rendered":"<p>La partie du corps qui se salit le plus souvent et qui accumule les bact\u00e9ries sont les mains. Le nettoyage des mains est un imp\u00e9ratif d\u2019hygi\u00e8ne dans le flux de la vie quotidienne. Un bon savon est n\u00e9cessaire pour un bon nettoyage des mains. Le savon liquide Rulopak est un savon fr\u00e9quemment pr\u00e9f\u00e9r\u00e9 pour le [&hellip;]<\/p>","protected":false},"featured_media":2323,"template":"","meta":{"wprm-recipe-roundup-name":"","wprm-recipe-roundup-description":""},"product_brand":[],"product_cat":[67],"product_tag":[],"class_list":{"0":"post-2322","1":"product","2":"type-product","3":"status-publish","4":"has-post-thumbnail","6":"product_cat-distributeur-savon","8":"first","9":"instock","10":"shipping-taxable","11":"product-type-simple"},"_links":{"self":[{"href":"https:\/\/cleans-sarl.com\/en\/wp-json\/wp\/v2\/product\/2322","targetHints":{"allow":["GET"]}}],"collection":[{"href":"https:\/\/cleans-sarl.com\/en\/wp-json\/wp\/v2\/product"}],"about":[{"href":"https:\/\/cleans-sarl.com\/en\/wp-json\/wp\/v2\/types\/product"}],"wp:featuredmedia":[{"embeddable":true,"href":"https:\/\/cleans-sarl.com\/en\/wp-json\/wp\/v2\/media\/2323"}],"wp:attachment":[{"href":"https:\/\/cleans-sarl.com\/en\/wp-json\/wp\/v2\/media?parent=2322"}],"wp:term":[{"taxonomy":"product_brand","embeddable":true,"href":"https:\/\/cleans-sarl.com\/en\/wp-json\/wp\/v2\/product_brand?post=2322"},{"taxonomy":"product_cat","embeddable":true,"href":"https:\/\/cleans-sarl.com\/en\/wp-json\/wp\/v2\/product_cat?post=2322"},{"taxonomy":"product_tag","embeddable":true,"href":"https:\/\/cleans-sarl.com\/en\/wp-json\/wp\/v2\/product_tag?post=2322"}],"curies":[{"name":"wp","href":"https:\/\/api.w.org\/{rel}","templated":true}]}}