{"id":2331,"date":"2024-05-10T20:14:29","date_gmt":"2024-05-10T20:14:29","guid":{"rendered":"http:\/\/localhost\/Cleanssarl\/?post_type=product&#038;p=2331"},"modified":"2024-05-10T20:14:29","modified_gmt":"2024-05-10T20:14:29","slug":"nappe-dexamen-50m","status":"publish","type":"product","link":"https:\/\/cleans-sarl.com\/en\/product\/nappe-dexamen-50m\/","title":{"rendered":"Examination tablecloth 50M"},"content":{"rendered":"<p>Examination tablecloths are used in areas with high patient traffic, such as outpatient clinics, hospitals, and dental clinics. The purpose is to quickly clean the area being examined.<\/p>\n<p>Main Features;<\/p>\n<ul>\n<li>It has antibacterial properties.<\/li>\n<li>Honeycomb texture prevents slipping.<\/li>\n<li>It&#039;s absorbing.<\/li>\n<li>It&#039;s convenient. It allows you to quickly prepare the table for the next patient after the examination.<\/li>\n<li>It&#039;s disposable. It&#039;s a disposable product.<\/li>\n<\/ul>\n<p>Technical specifications;<\/p>\n<ul>\n<li>Dimensions 50 x 50<\/li>\n<li>17G\/m\u00b2<\/li>\n<li>2 floors<\/li>\n<li>Roll length 50m<\/li>\n<li>100 sheets per roll<\/li>\n<li>1 box of 6 rolls<\/li>\n<li>100% Cellulose<\/li>\n<\/ul>","protected":false},"excerpt":{"rendered":"<p>Les nappes d&rsquo;examen sont utilis\u00e9es dans les endroits o\u00f9 la circulation des patients est intense, comme les polycliniques, les h\u00f4pitaux et les cliniques dentaires. Le but est de nettoyer rapidement la zone examin\u00e9e. Caract\u00e9ristiques g\u00e9n\u00e9rales; Il poss\u00e8de des propri\u00e9t\u00e9s antibact\u00e9riennes. La texture nid d&rsquo;abeille emp\u00eache le glissement. C&rsquo;est absorbant. C&rsquo;est pratique. Cela permet de pr\u00e9parer [&hellip;]<\/p>","protected":false},"featured_media":2332,"template":"","meta":{"wprm-recipe-roundup-name":"","wprm-recipe-roundup-description":""},"product_brand":[],"product_cat":[68],"product_tag":[],"class_list":{"0":"post-2331","1":"product","2":"type-product","3":"status-publish","4":"has-post-thumbnail","6":"product_cat-draps-dexamen","8":"first","9":"instock","10":"shipping-taxable","11":"product-type-simple"},"_links":{"self":[{"href":"https:\/\/cleans-sarl.com\/en\/wp-json\/wp\/v2\/product\/2331","targetHints":{"allow":["GET"]}}],"collection":[{"href":"https:\/\/cleans-sarl.com\/en\/wp-json\/wp\/v2\/product"}],"about":[{"href":"https:\/\/cleans-sarl.com\/en\/wp-json\/wp\/v2\/types\/product"}],"wp:featuredmedia":[{"embeddable":true,"href":"https:\/\/cleans-sarl.com\/en\/wp-json\/wp\/v2\/media\/2332"}],"wp:attachment":[{"href":"https:\/\/cleans-sarl.com\/en\/wp-json\/wp\/v2\/media?parent=2331"}],"wp:term":[{"taxonomy":"product_brand","embeddable":true,"href":"https:\/\/cleans-sarl.com\/en\/wp-json\/wp\/v2\/product_brand?post=2331"},{"taxonomy":"product_cat","embeddable":true,"href":"https:\/\/cleans-sarl.com\/en\/wp-json\/wp\/v2\/product_cat?post=2331"},{"taxonomy":"product_tag","embeddable":true,"href":"https:\/\/cleans-sarl.com\/en\/wp-json\/wp\/v2\/product_tag?post=2331"}],"curies":[{"name":"wp","href":"https:\/\/api.w.org\/{rel}","templated":true}]}}