{"id":2369,"date":"2024-05-10T21:12:45","date_gmt":"2024-05-10T21:12:45","guid":{"rendered":"http:\/\/localhost\/Cleanssarl\/?post_type=product&#038;p=2369"},"modified":"2024-05-10T21:12:45","modified_gmt":"2024-05-10T21:12:45","slug":"machine-a-parfumer-professionnelle-cosmic-m5-noire","status":"publish","type":"product","link":"https:\/\/cleans-sarl.com\/en\/product\/machine-a-parfumer-professionnelle-cosmic-m5-noire\/","title":{"rendered":"Cosmic M5 professional perfume machine black"},"content":{"rendered":"<p>The Rulopak cosmic m5 perfume machine is a very innovative product. The purpose of the product is to ensure that large areas smell fresh and clean evenly within a specified amount of time.<\/p>\n<p>The Rulopak cosmic m5 perfume machine fulfills this function thanks to its nano diffusion technology.<\/p>\n<p>Using nano diffusion technology, it diffuses the fragrance into the environment by creating nanoparticles smaller than 0.01 microns distributed evenly in the environment and suspended in the air.<\/p>\n<p>Cosmic m5 works with a powerful and quiet fan system. In this way, the nanoparticles spread quickly and uniformly in the environment.<\/p>\n<p>Where is the Rulopak Cosmic M5 professional perfume machine used?<\/p>\n<p>Rulopak cosmic m5 perfume machine is used in environments such as offices, homes, invitation and meeting rooms, shops, cafes, restaurants, hotels.<\/p>\n<p>The Rulopak cosmic m5 fragrance machine has a fragrance capacity of up to 1000 m\u00b3.<\/p>\n<p>The Cosmic m5 spray is 72 times more effective than scented devices.<\/p>\n<p>Main Features;<\/p>\n<ul>\n<li>There are programmable options for different operating and streaming options<\/li>\n<li>Broadcast time between 10 seconds and 75 seconds<\/li>\n<li>Waiting time between 3 minutes and 15 minutes<\/li>\n<li>Ability to determine working days of the week and weekend<\/li>\n<li>Ability to determine working hours<\/li>\n<li>It has easy installation<\/li>\n<li>Wall and table use possible<\/li>\n<li>Dimensions 34 x 22.2 x 17.8 cm<\/li>\n<li>Weighs 1.95kg<\/li>\n<li>Innovative and elegant design<\/li>\n<\/ul>","protected":false},"excerpt":{"rendered":"<p>La machine \u00e0 parfum Rulopak cosmic m5 est un produit tr\u00e8s innovant. Le but du produit est de garantir que de grandes surfaces sentent fra\u00eeches et propres de mani\u00e8re homog\u00e8ne dans un laps de temps sp\u00e9cifi\u00e9. La machine \u00e0 parfum Rulopak cosmic m5 remplit cette fonction gr\u00e2ce \u00e0 sa technologie de nano diffusion. Gr\u00e2ce \u00e0 [&hellip;]<\/p>","protected":false},"featured_media":2370,"template":"","meta":{"wprm-recipe-roundup-name":"","wprm-recipe-roundup-description":""},"product_brand":[],"product_cat":[73],"product_tag":[],"class_list":{"0":"post-2369","1":"product","2":"type-product","3":"status-publish","4":"has-post-thumbnail","6":"product_cat-systeme-parfum","8":"first","9":"instock","10":"shipping-taxable","11":"product-type-simple"},"_links":{"self":[{"href":"https:\/\/cleans-sarl.com\/en\/wp-json\/wp\/v2\/product\/2369","targetHints":{"allow":["GET"]}}],"collection":[{"href":"https:\/\/cleans-sarl.com\/en\/wp-json\/wp\/v2\/product"}],"about":[{"href":"https:\/\/cleans-sarl.com\/en\/wp-json\/wp\/v2\/types\/product"}],"wp:featuredmedia":[{"embeddable":true,"href":"https:\/\/cleans-sarl.com\/en\/wp-json\/wp\/v2\/media\/2370"}],"wp:attachment":[{"href":"https:\/\/cleans-sarl.com\/en\/wp-json\/wp\/v2\/media?parent=2369"}],"wp:term":[{"taxonomy":"product_brand","embeddable":true,"href":"https:\/\/cleans-sarl.com\/en\/wp-json\/wp\/v2\/product_brand?post=2369"},{"taxonomy":"product_cat","embeddable":true,"href":"https:\/\/cleans-sarl.com\/en\/wp-json\/wp\/v2\/product_cat?post=2369"},{"taxonomy":"product_tag","embeddable":true,"href":"https:\/\/cleans-sarl.com\/en\/wp-json\/wp\/v2\/product_tag?post=2369"}],"curies":[{"name":"wp","href":"https:\/\/api.w.org\/{rel}","templated":true}]}}