{"id":2372,"date":"2024-05-10T21:15:07","date_gmt":"2024-05-10T21:15:07","guid":{"rendered":"http:\/\/localhost\/Cleanssarl\/?post_type=product&#038;p=2372"},"modified":"2024-05-10T21:15:08","modified_gmt":"2024-05-10T21:15:08","slug":"machine-a-parfumer-professionnelle-nano-plus-m7","status":"publish","type":"product","link":"https:\/\/cleans-sarl.com\/en\/product\/machine-a-parfumer-professionnelle-nano-plus-m7\/","title":{"rendered":"Nano Plus M7 professional perfume machine"},"content":{"rendered":"<p>The Rulopak nano plus m7 perfume machine is a very innovative product. The goal of the product is to ensure that large areas smell fresh and clean evenly, within the specified time frame.<\/p>\n<p>The Rulopak nano plus m7 perfume machine fulfills this function thanks to its nano diffusion technology.<\/p>\n<p>Using nano diffusion technology, it diffuses the fragrance into the environment by creating nanoparticles smaller than 0.01 microns distributed evenly in the environment and suspended in the air.<\/p>\n<p>Nano plus m7 works with a powerful and quiet fan system. In this way, the nanoparticles spread quickly and uniformly in the environment.<\/p>\n<p>Adjustable LED lighting option depending on the ambient ambiance.7 The scent machine&#039;s LED strips adapt to the area where it is used with different color options.<\/p>\n<p>Where is the Rulopak Nano Plus M7 professional perfume machine used?<\/p>\n<p>Rulopak nano plus m7 fragrance machine is used in environments such as offices, homes, invitation and meeting rooms, shops, cafes, restaurants, hotels.<\/p>\n<p>The Rulopak nano plus m7 fragrance machine has a fragrance capacity of up to 1500 m\u00b3.<\/p>\n<p>The Nano Plus M7 spray is 72 times more effective than scented devices.<\/p>\n<p>Main Features;<\/p>\n<ul>\n<li>Programmable function for 10 different operating and streaming options<\/li>\n<li>Ability to determine working days of the week and weekend<\/li>\n<li>Ability to determine working hours<\/li>\n<li>It has easy installation<\/li>\n<li>Dimensions 53x25x26 cm<\/li>\n<li>Weighs 3.2 kg<\/li>\n<li>Innovative and elegant design<\/li>\n<\/ul>","protected":false},"excerpt":{"rendered":"<p>La machine \u00e0 parfum Rulopak nano plus m7 est un produit tr\u00e8s innovant. L&rsquo;objectif du produit est de garantir que de grandes surfaces sentent le frais et le propre de mani\u00e8re homog\u00e8ne, dans le d\u00e9lai sp\u00e9cifi\u00e9. La machine \u00e0 parfum Rulopak nano plus m7 remplit cette fonction gr\u00e2ce \u00e0 sa technologie de nano diffusion. Gr\u00e2ce [&hellip;]<\/p>","protected":false},"featured_media":2373,"template":"","meta":{"wprm-recipe-roundup-name":"","wprm-recipe-roundup-description":""},"product_brand":[],"product_cat":[73],"product_tag":[],"class_list":{"0":"post-2372","1":"product","2":"type-product","3":"status-publish","4":"has-post-thumbnail","6":"product_cat-systeme-parfum","8":"first","9":"instock","10":"shipping-taxable","11":"product-type-simple"},"_links":{"self":[{"href":"https:\/\/cleans-sarl.com\/en\/wp-json\/wp\/v2\/product\/2372","targetHints":{"allow":["GET"]}}],"collection":[{"href":"https:\/\/cleans-sarl.com\/en\/wp-json\/wp\/v2\/product"}],"about":[{"href":"https:\/\/cleans-sarl.com\/en\/wp-json\/wp\/v2\/types\/product"}],"wp:featuredmedia":[{"embeddable":true,"href":"https:\/\/cleans-sarl.com\/en\/wp-json\/wp\/v2\/media\/2373"}],"wp:attachment":[{"href":"https:\/\/cleans-sarl.com\/en\/wp-json\/wp\/v2\/media?parent=2372"}],"wp:term":[{"taxonomy":"product_brand","embeddable":true,"href":"https:\/\/cleans-sarl.com\/en\/wp-json\/wp\/v2\/product_brand?post=2372"},{"taxonomy":"product_cat","embeddable":true,"href":"https:\/\/cleans-sarl.com\/en\/wp-json\/wp\/v2\/product_cat?post=2372"},{"taxonomy":"product_tag","embeddable":true,"href":"https:\/\/cleans-sarl.com\/en\/wp-json\/wp\/v2\/product_tag?post=2372"}],"curies":[{"name":"wp","href":"https:\/\/api.w.org\/{rel}","templated":true}]}}