{"id":2392,"date":"2024-05-10T21:29:21","date_gmt":"2024-05-10T21:29:21","guid":{"rendered":"http:\/\/localhost\/Cleanssarl\/?post_type=product&#038;p=2392"},"modified":"2024-05-10T21:29:21","modified_gmt":"2024-05-10T21:29:21","slug":"desodorisant-suspendu-citron","status":"publish","type":"product","link":"https:\/\/cleans-sarl.com\/en\/product\/desodorisant-suspendu-citron\/","title":{"rendered":"Lemon Hanging Air Freshener"},"content":{"rendered":"<p>Rulopak Hanging Scented Air Freshener not only provides you with a hygienic environment but also offers a pleasant fragrance. It is a popular choice among users due to its dirt and stain resistant feature. Rulopak Hanging Scented Air Freshener relieves discomfort by purifying bad odors. For a spacious and sterile environment, cleaning must be done correctly. Rulopak Hanging Scented Air Freshener is a product that retains its effect for 30 days, so it can be used safely for a long time.<\/p>\n<p>Does the Rulopak Hanging Odor Eliminator fit perfectly on the toilet bowl?<\/p>\n<p>Rulopak Hanging Scented Air Freshener; It can easily be used in all places that can be a source of bad odors, such as bathtubs, sinks, toilets and trash cans. In this sense, the product that fits perfectly into the toilet has a functional characteristic. In addition, the filter, suitable for long-term use, does not run out quickly or leak.<\/p>\n<p>Does Rulopak Hanging Odor Eliminator maintain its permanence for a long time?<\/p>\n<p>Rulopak Hanging Scented Air Freshener is germ-free and dries quickly. Additionally, this anti-dirt deodorizer maintains its permanence for 30 days. Even if you place it in a smelly part of the environment, you will immediately notice the clean smell and freshness it gives off.<\/p>\n<p>Main Features;<\/p>\n<ul>\n<li>It can also be used in places such as dirty baskets, linen cabinets, wardrobes and trash cans.<\/li>\n<li>Thanks to its ergonomic structure, it can be easily installed on all toilets.<\/li>\n<li>Emits uninterrupted scent for 30 days<\/li>\n<li>Easy and simple to use<\/li>\n<li>Does not retain dirt and stains<\/li>\n<li>Insoluble in water<\/li>\n<li>You can use it in any place you can hang it.<\/li>\n<\/ul>","protected":false},"excerpt":{"rendered":"<p>Le d\u00e9sodorisant parfum\u00e9 suspendu Rulopak vous offre non seulement un environnement hygi\u00e9nique mais offre \u00e9galement un parfum agr\u00e9able. C\u2019est un choix populaire parmi les utilisateurs en raison de sa fonction r\u00e9sistante \u00e0 la salet\u00e9 et aux taches. Le d\u00e9sodorisant parfum\u00e9 suspendu Rulopak soulage l&rsquo;inconfort en purifiant les mauvaises odeurs. Pour un environnement spacieux et st\u00e9rile, [&hellip;]<\/p>","protected":false},"featured_media":2393,"template":"","meta":{"wprm-recipe-roundup-name":"","wprm-recipe-roundup-description":""},"product_brand":[],"product_cat":[73],"product_tag":[],"class_list":{"0":"post-2392","1":"product","2":"type-product","3":"status-publish","4":"has-post-thumbnail","6":"product_cat-systeme-parfum","8":"first","9":"instock","10":"shipping-taxable","11":"product-type-simple"},"_links":{"self":[{"href":"https:\/\/cleans-sarl.com\/en\/wp-json\/wp\/v2\/product\/2392","targetHints":{"allow":["GET"]}}],"collection":[{"href":"https:\/\/cleans-sarl.com\/en\/wp-json\/wp\/v2\/product"}],"about":[{"href":"https:\/\/cleans-sarl.com\/en\/wp-json\/wp\/v2\/types\/product"}],"wp:featuredmedia":[{"embeddable":true,"href":"https:\/\/cleans-sarl.com\/en\/wp-json\/wp\/v2\/media\/2393"}],"wp:attachment":[{"href":"https:\/\/cleans-sarl.com\/en\/wp-json\/wp\/v2\/media?parent=2392"}],"wp:term":[{"taxonomy":"product_brand","embeddable":true,"href":"https:\/\/cleans-sarl.com\/en\/wp-json\/wp\/v2\/product_brand?post=2392"},{"taxonomy":"product_cat","embeddable":true,"href":"https:\/\/cleans-sarl.com\/en\/wp-json\/wp\/v2\/product_cat?post=2392"},{"taxonomy":"product_tag","embeddable":true,"href":"https:\/\/cleans-sarl.com\/en\/wp-json\/wp\/v2\/product_tag?post=2392"}],"curies":[{"name":"wp","href":"https:\/\/api.w.org\/{rel}","templated":true}]}}