{"id":2395,"date":"2024-05-10T21:31:21","date_gmt":"2024-05-10T21:31:21","guid":{"rendered":"http:\/\/localhost\/Cleanssarl\/?post_type=product&#038;p=2395"},"modified":"2024-05-10T21:31:22","modified_gmt":"2024-05-10T21:31:22","slug":"cartouche-de-parfum-air-plus-citron","status":"publish","type":"product","link":"https:\/\/cleans-sarl.com\/en\/product\/cartouche-de-parfum-air-plus-citron\/","title":{"rendered":"Air Plus Citron fragrance cartridge"},"content":{"rendered":"<p>The Rulopak air plus scent cartridge releases a pleasant, fresh and long-lasting scent into the environment. The Air Plus scent cartridge emits fragrance into the environment when doors are opened and closed and through air circulation in the room.<\/p>\n<p>After taking it out of its packaging, simply place it in the perfumery device located behind the door.<\/p>\n<p>It emits fragrance continuously for 30 days.<\/p>\n<p>Where is Rulopak Air Plus fragrance cartridge used?<\/p>\n<p>You can use the Air plus fragrance cartridge mainly on areas and surfaces such as behind doors, elevators, offices, toilets, bathrooms, kitchens, changing rooms, gyms, commercial vehicles closed, entrances and cabinet doors.<\/p>\n<p>Main Features;<\/p>\n<ul>\n<li>Emits uninterrupted scent for 30 days<\/li>\n<li>Easy and simple to use<\/li>\n<li>It emits a fresh, clean scent into the environment.<\/li>\n<li>It does not require batteries or electrical energy.<\/li>\n<li>It can be used in many different areas.<\/li>\n<li>It has a simple installation.<\/li>\n<li>It is used with the Rulopak perfumery device behind the door.<\/li>\n<li>It is effective on an area of 10 square meters.<\/li>\n<li>It has dimensions of 5.3 x 1 x 5.3 cm.<\/li>\n<\/ul>","protected":false},"excerpt":{"rendered":"<p>La cartouche parfum\u00e9e Rulopak air plus lib\u00e8re un parfum agr\u00e9able, frais et durable dans l&rsquo;environnement. La cartouche parfum\u00e9e Air Plus \u00e9met un parfum dans l&rsquo;environnement lorsque les portes sont ouvertes et ferm\u00e9es et gr\u00e2ce \u00e0 la circulation de l&rsquo;air dans la pi\u00e8ce. Apr\u00e8s l\u2019avoir sorti de son emballage, il suffira de le placer dans l\u2019appareil [&hellip;]<\/p>","protected":false},"featured_media":2396,"template":"","meta":{"wprm-recipe-roundup-name":"","wprm-recipe-roundup-description":""},"product_brand":[],"product_cat":[73],"product_tag":[],"class_list":{"0":"post-2395","1":"product","2":"type-product","3":"status-publish","4":"has-post-thumbnail","6":"product_cat-systeme-parfum","8":"first","9":"instock","10":"shipping-taxable","11":"product-type-simple"},"_links":{"self":[{"href":"https:\/\/cleans-sarl.com\/en\/wp-json\/wp\/v2\/product\/2395","targetHints":{"allow":["GET"]}}],"collection":[{"href":"https:\/\/cleans-sarl.com\/en\/wp-json\/wp\/v2\/product"}],"about":[{"href":"https:\/\/cleans-sarl.com\/en\/wp-json\/wp\/v2\/types\/product"}],"wp:featuredmedia":[{"embeddable":true,"href":"https:\/\/cleans-sarl.com\/en\/wp-json\/wp\/v2\/media\/2396"}],"wp:attachment":[{"href":"https:\/\/cleans-sarl.com\/en\/wp-json\/wp\/v2\/media?parent=2395"}],"wp:term":[{"taxonomy":"product_brand","embeddable":true,"href":"https:\/\/cleans-sarl.com\/en\/wp-json\/wp\/v2\/product_brand?post=2395"},{"taxonomy":"product_cat","embeddable":true,"href":"https:\/\/cleans-sarl.com\/en\/wp-json\/wp\/v2\/product_cat?post=2395"},{"taxonomy":"product_tag","embeddable":true,"href":"https:\/\/cleans-sarl.com\/en\/wp-json\/wp\/v2\/product_tag?post=2395"}],"curies":[{"name":"wp","href":"https:\/\/api.w.org\/{rel}","templated":true}]}}