{"id":2397,"date":"2024-05-10T21:33:15","date_gmt":"2024-05-10T21:33:15","guid":{"rendered":"http:\/\/localhost\/Cleanssarl\/?post_type=product&#038;p=2397"},"modified":"2024-05-10T21:33:15","modified_gmt":"2024-05-10T21:33:15","slug":"appareil-de-parfum-air-plus-blanc","status":"publish","type":"product","link":"https:\/\/cleans-sarl.com\/en\/product\/appareil-de-parfum-air-plus-blanc\/","title":{"rendered":"White Air Plus perfume device"},"content":{"rendered":"<p>The Rulopak air plus scented device releases a pleasant, fresh and long-lasting scent into the environment. The Air Plus Fragrance device emits fragrance into the environment when doors are opened and closed and through air circulation in the room.<\/p>\n<p>It requires no electricity or battery power. It has a practical and ergonomic structure that you can use in different areas that you need. There are no screws or drilling required for installation.<\/p>\n<p>You can stick it to dry, clean surfaces with the included double-sided adhesive tape. It is very simple to use. Thanks to its twist-open structure, you can easily open and close it.<\/p>\n<p>It is also very easy to clean. You can clean it using a damp cloth. Make sure the diaper is not wet.<\/p>\n<p>Where is the scented device behind the Rulopak door used?<\/p>\n<p>You can use the Rulopak air plus scented device mainly on areas and surfaces such as behind doors, elevators, offices, toilets, bathrooms, kitchens, changing rooms, gyms, vehicles Closed utilities, entryways and cabinet doors.<\/p>\n<p>Main Features;<\/p>\n<ul>\n<li>It emits uninterrupted scent for 30 days with the scent cartridge inserted inside (Air plus scent cartridge is sold separately)<\/li>\n<li>Easy and simple to use<\/li>\n<li>It emits a fresh, clean scent into the environment.<\/li>\n<li>It does not require batteries or electrical energy.<\/li>\n<li>It can be used in many different areas.<\/li>\n<li>It has a simple installation.<\/li>\n<li>It is effective on an area of 10 square meters.<\/li>\n<li>It has dimensions of 4 x 4 x 1 cm.<\/li>\n<\/ul>","protected":false},"excerpt":{"rendered":"<p>L&rsquo;appareil parfum\u00e9 Rulopak air plus lib\u00e8re un parfum agr\u00e9able, frais et durable dans l&rsquo;environnement. L&rsquo;appareil Air Plus Fragrance \u00e9met un parfum dans l&rsquo;environnement lorsque les portes sont ouvertes et ferm\u00e9es et par la circulation de l&rsquo;air dans la pi\u00e8ce. Il ne n\u00e9cessite ni \u00e9lectricit\u00e9 ni \u00e9nergie de batterie. Il poss\u00e8de une structure pratique et ergonomique [&hellip;]<\/p>","protected":false},"featured_media":2398,"template":"","meta":{"wprm-recipe-roundup-name":"","wprm-recipe-roundup-description":""},"product_brand":[],"product_cat":[73],"product_tag":[],"class_list":{"0":"post-2397","1":"product","2":"type-product","3":"status-publish","4":"has-post-thumbnail","6":"product_cat-systeme-parfum","8":"first","9":"instock","10":"shipping-taxable","11":"product-type-simple"},"_links":{"self":[{"href":"https:\/\/cleans-sarl.com\/en\/wp-json\/wp\/v2\/product\/2397","targetHints":{"allow":["GET"]}}],"collection":[{"href":"https:\/\/cleans-sarl.com\/en\/wp-json\/wp\/v2\/product"}],"about":[{"href":"https:\/\/cleans-sarl.com\/en\/wp-json\/wp\/v2\/types\/product"}],"wp:featuredmedia":[{"embeddable":true,"href":"https:\/\/cleans-sarl.com\/en\/wp-json\/wp\/v2\/media\/2398"}],"wp:attachment":[{"href":"https:\/\/cleans-sarl.com\/en\/wp-json\/wp\/v2\/media?parent=2397"}],"wp:term":[{"taxonomy":"product_brand","embeddable":true,"href":"https:\/\/cleans-sarl.com\/en\/wp-json\/wp\/v2\/product_brand?post=2397"},{"taxonomy":"product_cat","embeddable":true,"href":"https:\/\/cleans-sarl.com\/en\/wp-json\/wp\/v2\/product_cat?post=2397"},{"taxonomy":"product_tag","embeddable":true,"href":"https:\/\/cleans-sarl.com\/en\/wp-json\/wp\/v2\/product_tag?post=2397"}],"curies":[{"name":"wp","href":"https:\/\/api.w.org\/{rel}","templated":true}]}}